{"id":1810,"date":"2025-06-03T12:14:30","date_gmt":"2025-06-03T12:14:30","guid":{"rendered":"https:\/\/ofsip.lu\/?page_id=1810"},"modified":"2025-07-14T20:50:18","modified_gmt":"2025-07-14T20:50:18","slug":"fourniture-et-installation","status":"publish","type":"page","link":"https:\/\/ofsip.lu\/en\/fourniture-et-installation\/","title":{"rendered":"Supply and installation"},"content":{"rendered":"<div data-elementor-type=\"wp-page\" data-elementor-id=\"1810\" class=\"elementor elementor-1810\" data-elementor-post-type=\"page\">\n\t\t\t\t<div class=\"elementor-element elementor-element-56868b3 e-flex e-con-boxed e-con e-parent\" data-id=\"56868b3\" data-element_type=\"container\" data-settings=\"{&quot;background_background&quot;:&quot;classic&quot;}\">\n\t\t\t\t\t<div class=\"e-con-inner\">\n\t\t<div class=\"elementor-element elementor-element-2e0decf e-con-full e-flex e-con e-child\" data-id=\"2e0decf\" data-element_type=\"container\">\n\t\t\t\t<div class=\"elementor-element elementor-element-4866346 elementor-widget elementor-widget-heading\" data-id=\"4866346\" data-element_type=\"widget\" data-widget_type=\"heading.default\">\n\t\t\t\t<div class=\"elementor-widget-container\">\n\t\t\t\t\t<h1 class=\"elementor-heading-title elementor-size-default\">Fourniture et Installation de moyens de secours<\/h1>\t\t\t\t<\/div>\n\t\t\t\t<\/div>\n\t\t\t\t<\/div>\n\t\t\t\t\t<\/div>\n\t\t\t\t<\/div>\n\t\t<div class=\"elementor-element elementor-element-499d7a0 e-flex e-con-boxed e-con e-parent\" data-id=\"499d7a0\" data-element_type=\"container\">\n\t\t\t\t\t<div class=\"e-con-inner\">\n\t\t<div class=\"elementor-element elementor-element-c929214 e-con-full e-flex e-con e-child\" data-id=\"c929214\" data-element_type=\"container\">\n\t\t\t\t<div class=\"elementor-element elementor-element-21e361b elementor-widget elementor-widget-text-editor\" data-id=\"21e361b\" data-element_type=\"widget\" data-widget_type=\"text-editor.default\">\n\t\t\t\t<div class=\"elementor-widget-container\">\n\t\t\t\t\t\t\t\t\t<h3 data-start=\"331\" data-end=\"407\" style=\"caret-color: rgb(0, 0, 0); color: rgb(0, 0, 0);\">\u00c9quipez vos locaux avec du mat\u00e9riel conforme, fiable\u2026 et pr\u00eat \u00e0 l\u2019emploi<\/h3>\n<p data-start=\"409\" data-end=\"628\" style=\"caret-color: rgb(0, 0, 0); color: rgb(0, 0, 0);\">Chez&nbsp;<strong data-start=\"414\" data-end=\"423\">OFSIP<\/strong>, nous vous accompagnons dans la&nbsp;<strong data-start=\"456\" data-end=\"512\">mise en place compl\u00e8te de vos \u00e9quipements de secours<\/strong>, en vous proposant des solutions adapt\u00e9es \u00e0 votre activit\u00e9, \u00e0 vos obligations l\u00e9gales et \u00e0 vos contraintes terrain.<\/p>\n<p data-start=\"630\" data-end=\"809\" style=\"caret-color: rgb(0, 0, 0); color: rgb(0, 0, 0);\">Notre objectif : <i>vous<\/i> fournir du&nbsp;<strong data-start=\"663\" data-end=\"732\">mat\u00e9riel de qualit\u00e9, conforme \u00e0 la r\u00e9glementation luxembourgeoise<\/strong>, install\u00e9 dans les r\u00e8gles de l\u2019art, et pr\u00eat \u00e0 \u00eatre utilis\u00e9 en cas d\u2019urgence.<\/p>\n<h3 data-start=\"816\" data-end=\"845\" style=\"caret-color: rgb(0, 0, 0); color: rgb(0, 0, 0);\">Un service cl\u00e9 en main<\/h3>\n<ul data-start=\"846\" data-end=\"1186\" style=\"caret-color: rgb(0, 0, 0); color: rgb(0, 0, 0);\">\n<li data-start=\"846\" data-end=\"922\">\n<p data-start=\"848\" data-end=\"922\"><span data-start=\"848\" data-end=\"872\">Conseil personnalis\u00e9<\/span>&nbsp;selon votre secteur, vos risques et vos effectifs<\/p>\n<\/li>\n<li data-start=\"923\" data-end=\"1011\">\n<p data-start=\"925\" data-end=\"1011\"><span data-start=\"925\" data-end=\"939\">Fourniture<\/span>&nbsp;de mat\u00e9riel norm\u00e9 CE (extincteurs, DAE, trousses, couverture anti-feu\u2026)<\/p>\n<\/li>\n<li data-start=\"1012\" data-end=\"1085\">\n<p data-start=\"1014\" data-end=\"1085\"><span data-start=\"1014\" data-end=\"1046\">Installation professionnelle<\/span>&nbsp;sur site, avec emplacement strat\u00e9gique<\/p>\n<\/li>\n<li data-start=\"1086\" data-end=\"1133\">\n<p data-start=\"1088\" data-end=\"1133\"><span data-start=\"1088\" data-end=\"1113\">Signal\u00e9tique conforme<\/span>, visible et durable<\/p>\n<\/li>\n<li data-start=\"1134\" data-end=\"1186\">\n<p data-start=\"1136\" data-end=\"1186\"><span data-start=\"1136\" data-end=\"1164\">Contr\u00f4le et v\u00e9rification<\/span>&nbsp;r\u00e9guli\u00e8re sur demande<\/p>\n<\/li>\n<\/ul>\t\t\t\t\t\t\t\t<\/div>\n\t\t\t\t<\/div>\n\t\t\t\t<\/div>\n\t\t\t\t\t<\/div>\n\t\t\t\t<\/div>\n\t\t<div class=\"elementor-element elementor-element-f5b5677 e-flex e-con-boxed e-con e-parent\" data-id=\"f5b5677\" data-element_type=\"container\">\n\t\t\t\t\t<div class=\"e-con-inner\">\n\t\t<div class=\"elementor-element elementor-element-42fb14f e-con-full e-flex e-con e-child\" data-id=\"42fb14f\" data-element_type=\"container\">\n\t\t\t\t<div class=\"elementor-element elementor-element-b4595c6 elementor-widget elementor-widget-image\" data-id=\"b4595c6\" data-element_type=\"widget\" data-widget_type=\"image.default\">\n\t\t\t\t<div class=\"elementor-widget-container\">\n\t\t\t\t\t\t\t\t\t\t\t\t\t\t\t\t<a href=\"https:\/\/ofsip.lu\/en\/boites-de-secours\/\">\n\t\t\t\t\t\t\t<img fetchpriority=\"high\" decoding=\"async\" width=\"500\" height=\"400\" src=\"https:\/\/ofsip.lu\/wp-content\/uploads\/2025\/07\/as.46894699.jpg\" class=\"attachment-large size-large wp-image-2037\" alt=\"\" srcset=\"https:\/\/ofsip.lu\/wp-content\/uploads\/2025\/07\/as.46894699.jpg 500w, https:\/\/ofsip.lu\/wp-content\/uploads\/2025\/07\/as.46894699-300x240.jpg 300w, https:\/\/ofsip.lu\/wp-content\/uploads\/2025\/07\/as.46894699-15x12.jpg 15w\" sizes=\"(max-width: 500px) 100vw, 500px\" \/>\t\t\t\t\t\t\t\t<\/a>\n\t\t\t\t\t\t\t\t\t\t\t\t\t\t\t<\/div>\n\t\t\t\t<\/div>\n\t\t\t\t<\/div>\n\t\t<div class=\"elementor-element elementor-element-14fafe0 e-con-full e-flex e-con e-child\" data-id=\"14fafe0\" data-element_type=\"container\">\n\t\t\t\t<div class=\"elementor-element elementor-element-8bf6472 elementor-widget elementor-widget-image\" data-id=\"8bf6472\" data-element_type=\"widget\" data-widget_type=\"image.default\">\n\t\t\t\t<div class=\"elementor-widget-container\">\n\t\t\t\t\t\t\t\t\t\t\t\t\t\t\t\t<a href=\"https:\/\/ofsip.lu\/en\/defibrillateurs-automatise-externe\/\">\n\t\t\t\t\t\t\t<img decoding=\"async\" width=\"800\" height=\"833\" src=\"https:\/\/ofsip.lu\/wp-content\/uploads\/2025\/07\/Lifeline-Trainer-DCF-A350T-EN-983x1024.jpg\" class=\"attachment-large size-large wp-image-2028\" alt=\"\" srcset=\"https:\/\/ofsip.lu\/wp-content\/uploads\/2025\/07\/Lifeline-Trainer-DCF-A350T-EN-983x1024.jpg 983w, https:\/\/ofsip.lu\/wp-content\/uploads\/2025\/07\/Lifeline-Trainer-DCF-A350T-EN-288x300.jpg 288w, https:\/\/ofsip.lu\/wp-content\/uploads\/2025\/07\/Lifeline-Trainer-DCF-A350T-EN-768x800.jpg 768w, https:\/\/ofsip.lu\/wp-content\/uploads\/2025\/07\/Lifeline-Trainer-DCF-A350T-EN-1474x1536.jpg 1474w, https:\/\/ofsip.lu\/wp-content\/uploads\/2025\/07\/Lifeline-Trainer-DCF-A350T-EN-12x12.jpg 12w, https:\/\/ofsip.lu\/wp-content\/uploads\/2025\/07\/Lifeline-Trainer-DCF-A350T-EN.jpg 1600w\" sizes=\"(max-width: 800px) 100vw, 800px\" \/>\t\t\t\t\t\t\t\t<\/a>\n\t\t\t\t\t\t\t\t\t\t\t\t\t\t\t<\/div>\n\t\t\t\t<\/div>\n\t\t\t\t<\/div>\n\t\t\t\t\t<\/div>\n\t\t\t\t<\/div>\n\t\t<div class=\"elementor-element elementor-element-540c0b0 e-flex e-con-boxed e-con e-parent\" data-id=\"540c0b0\" data-element_type=\"container\">\n\t\t\t\t\t<div class=\"e-con-inner\">\n\t\t<div class=\"elementor-element elementor-element-3869f0d e-con-full e-flex e-con e-child\" data-id=\"3869f0d\" data-element_type=\"container\">\n\t\t\t\t<div class=\"elementor-element elementor-element-886c96a elementor-widget elementor-widget-button\" data-id=\"886c96a\" data-element_type=\"widget\" data-widget_type=\"button.default\">\n\t\t\t\t<div class=\"elementor-widget-container\">\n\t\t\t\t\t\t\t\t\t<div class=\"elementor-button-wrapper\">\n\t\t\t\t\t<a class=\"elementor-button elementor-button-link elementor-size-sm\" href=\"https:\/\/ofsip.lu\/en\/boites-de-secours\/\">\n\t\t\t\t\t\t<span class=\"elementor-button-content-wrapper\">\n\t\t\t\t\t\t\t\t\t<span class=\"elementor-button-text\">Bo\u00eete de secours<\/span>\n\t\t\t\t\t<\/span>\n\t\t\t\t\t<\/a>\n\t\t\t\t<\/div>\n\t\t\t\t\t\t\t\t<\/div>\n\t\t\t\t<\/div>\n\t\t\t\t<\/div>\n\t\t<div class=\"elementor-element elementor-element-6d5576d e-con-full e-flex e-con e-child\" data-id=\"6d5576d\" data-element_type=\"container\">\n\t\t\t\t<div class=\"elementor-element elementor-element-288957c elementor-widget elementor-widget-button\" data-id=\"288957c\" data-element_type=\"widget\" data-widget_type=\"button.default\">\n\t\t\t\t<div class=\"elementor-widget-container\">\n\t\t\t\t\t\t\t\t\t<div class=\"elementor-button-wrapper\">\n\t\t\t\t\t<a class=\"elementor-button elementor-button-link elementor-size-sm\" href=\"https:\/\/ofsip.lu\/en\/defibrillateurs-automatise-externe\/\">\n\t\t\t\t\t\t<span class=\"elementor-button-content-wrapper\">\n\t\t\t\t\t\t\t\t\t<span class=\"elementor-button-text\">D\u00e9fibrillateur<\/span>\n\t\t\t\t\t<\/span>\n\t\t\t\t\t<\/a>\n\t\t\t\t<\/div>\n\t\t\t\t\t\t\t\t<\/div>\n\t\t\t\t<\/div>\n\t\t\t\t<\/div>\n\t\t\t\t\t<\/div>\n\t\t\t\t<\/div>\n\t\t\t\t<\/div>","protected":false},"excerpt":{"rendered":"<p>Fourniture et Installation de moyens de secours \u00c9quipez vos locaux avec du mat\u00e9riel conforme, fiable\u2026 et pr\u00eat \u00e0 l\u2019emploi Chez&nbsp;OFSIP, nous vous accompagnons dans la&nbsp;mise en place compl\u00e8te de vos \u00e9quipements de secours, en vous proposant des solutions adapt\u00e9es \u00e0 votre activit\u00e9, \u00e0 vos obligations l\u00e9gales et \u00e0 vos contraintes terrain. Notre objectif : vous [&hellip;]<\/p>","protected":false},"author":1,"featured_media":0,"parent":0,"menu_order":0,"comment_status":"closed","ping_status":"closed","template":"","meta":{"footnotes":""},"class_list":["post-1810","page","type-page","status-publish","hentry"],"yoast_head":"<!-- This site is optimized with the Yoast SEO plugin v25.4 - https:\/\/yoast.com\/wordpress\/plugins\/seo\/ -->\n<title>Fourniture et Installation - OFSIP<\/title>\n<meta name=\"robots\" content=\"index, follow, max-snippet:-1, max-image-preview:large, max-video-preview:-1\" \/>\n<link rel=\"canonical\" href=\"https:\/\/ofsip.lu\/en\/fourniture-et-installation\/\" \/>\n<meta property=\"og:locale\" content=\"en_GB\" \/>\n<meta property=\"og:type\" content=\"article\" \/>\n<meta property=\"og:title\" content=\"Fourniture et Installation - OFSIP\" \/>\n<meta property=\"og:description\" content=\"Fourniture et Installation de moyens de secours \u00c9quipez vos locaux avec du mat\u00e9riel conforme, fiable\u2026 et pr\u00eat \u00e0 l\u2019emploi Chez&nbsp;OFSIP, nous vous accompagnons dans la&nbsp;mise en place compl\u00e8te de vos \u00e9quipements de secours, en vous proposant des solutions adapt\u00e9es \u00e0 votre activit\u00e9, \u00e0 vos obligations l\u00e9gales et \u00e0 vos contraintes terrain. Notre objectif : vous [&hellip;]\" \/>\n<meta property=\"og:url\" content=\"https:\/\/ofsip.lu\/en\/fourniture-et-installation\/\" \/>\n<meta property=\"og:site_name\" content=\"OFSIP\" \/>\n<meta property=\"article:modified_time\" content=\"2025-07-14T20:50:18+00:00\" \/>\n<meta property=\"og:image\" content=\"https:\/\/ofsip.lu\/wp-content\/uploads\/2025\/07\/as.46894699.jpg\" \/>\n<meta name=\"twitter:card\" content=\"summary_large_image\" \/>\n<meta name=\"twitter:label1\" content=\"Estimated reading time\" \/>\n\t<meta name=\"twitter:data1\" content=\"1 minute\" \/>\n<script type=\"application\/ld+json\" class=\"yoast-schema-graph\">{\"@context\":\"https:\/\/schema.org\",\"@graph\":[{\"@type\":\"WebPage\",\"@id\":\"https:\/\/ofsip.lu\/fourniture-et-installation\/\",\"url\":\"https:\/\/ofsip.lu\/fourniture-et-installation\/\",\"name\":\"Fourniture et Installation - OFSIP\",\"isPartOf\":{\"@id\":\"https:\/\/ofsip.lu\/#website\"},\"primaryImageOfPage\":{\"@id\":\"https:\/\/ofsip.lu\/fourniture-et-installation\/#primaryimage\"},\"image\":{\"@id\":\"https:\/\/ofsip.lu\/fourniture-et-installation\/#primaryimage\"},\"thumbnailUrl\":\"https:\/\/ofsip.lu\/wp-content\/uploads\/2025\/07\/as.46894699.jpg\",\"datePublished\":\"2025-06-03T12:14:30+00:00\",\"dateModified\":\"2025-07-14T20:50:18+00:00\",\"breadcrumb\":{\"@id\":\"https:\/\/ofsip.lu\/fourniture-et-installation\/#breadcrumb\"},\"inLanguage\":\"en-GB\",\"potentialAction\":[{\"@type\":\"ReadAction\",\"target\":[\"https:\/\/ofsip.lu\/fourniture-et-installation\/\"]}]},{\"@type\":\"ImageObject\",\"inLanguage\":\"en-GB\",\"@id\":\"https:\/\/ofsip.lu\/fourniture-et-installation\/#primaryimage\",\"url\":\"https:\/\/ofsip.lu\/wp-content\/uploads\/2025\/07\/as.46894699.jpg\",\"contentUrl\":\"https:\/\/ofsip.lu\/wp-content\/uploads\/2025\/07\/as.46894699.jpg\"},{\"@type\":\"BreadcrumbList\",\"@id\":\"https:\/\/ofsip.lu\/fourniture-et-installation\/#breadcrumb\",\"itemListElement\":[{\"@type\":\"ListItem\",\"position\":1,\"name\":\"Home\",\"item\":\"https:\/\/ofsip.lu\/\"},{\"@type\":\"ListItem\",\"position\":2,\"name\":\"Fourniture et Installation\"}]},{\"@type\":\"WebSite\",\"@id\":\"https:\/\/ofsip.lu\/#website\",\"url\":\"https:\/\/ofsip.lu\/\",\"name\":\"OFSIP\",\"description\":\"S\u00e9curiser l&#039;humain, renforcer l&#039;entreprise\",\"publisher\":{\"@id\":\"https:\/\/ofsip.lu\/#organization\"},\"potentialAction\":[{\"@type\":\"SearchAction\",\"target\":{\"@type\":\"EntryPoint\",\"urlTemplate\":\"https:\/\/ofsip.lu\/?s={search_term_string}\"},\"query-input\":{\"@type\":\"PropertyValueSpecification\",\"valueRequired\":true,\"valueName\":\"search_term_string\"}}],\"inLanguage\":\"en-GB\"},{\"@type\":\"Organization\",\"@id\":\"https:\/\/ofsip.lu\/#organization\",\"name\":\"OFSIP\",\"url\":\"https:\/\/ofsip.lu\/\",\"logo\":{\"@type\":\"ImageObject\",\"inLanguage\":\"en-GB\",\"@id\":\"https:\/\/ofsip.lu\/#\/schema\/logo\/image\/\",\"url\":\"https:\/\/ofsip.lu\/wp-content\/uploads\/2025\/07\/Logo-OFSIP-Color-sans-detail.png\",\"contentUrl\":\"https:\/\/ofsip.lu\/wp-content\/uploads\/2025\/07\/Logo-OFSIP-Color-sans-detail.png\",\"width\":486,\"height\":460,\"caption\":\"OFSIP\"},\"image\":{\"@id\":\"https:\/\/ofsip.lu\/#\/schema\/logo\/image\/\"}}]}<\/script>\n<!-- \/ Yoast SEO plugin. -->","yoast_head_json":{"title":"Fourniture et Installation - OFSIP","robots":{"index":"index","follow":"follow","max-snippet":"max-snippet:-1","max-image-preview":"max-image-preview:large","max-video-preview":"max-video-preview:-1"},"canonical":"https:\/\/ofsip.lu\/en\/fourniture-et-installation\/","og_locale":"en_GB","og_type":"article","og_title":"Fourniture et Installation - OFSIP","og_description":"Fourniture et Installation de moyens de secours \u00c9quipez vos locaux avec du mat\u00e9riel conforme, fiable\u2026 et pr\u00eat \u00e0 l\u2019emploi Chez&nbsp;OFSIP, nous vous accompagnons dans la&nbsp;mise en place compl\u00e8te de vos \u00e9quipements de secours, en vous proposant des solutions adapt\u00e9es \u00e0 votre activit\u00e9, \u00e0 vos obligations l\u00e9gales et \u00e0 vos contraintes terrain. Notre objectif : vous [&hellip;]","og_url":"https:\/\/ofsip.lu\/en\/fourniture-et-installation\/","og_site_name":"OFSIP","article_modified_time":"2025-07-14T20:50:18+00:00","og_image":[{"url":"https:\/\/ofsip.lu\/wp-content\/uploads\/2025\/07\/as.46894699.jpg","type":"","width":"","height":""}],"twitter_card":"summary_large_image","twitter_misc":{"Estimated reading time":"1 minute"},"schema":{"@context":"https:\/\/schema.org","@graph":[{"@type":"WebPage","@id":"https:\/\/ofsip.lu\/fourniture-et-installation\/","url":"https:\/\/ofsip.lu\/fourniture-et-installation\/","name":"Fourniture et Installation - OFSIP","isPartOf":{"@id":"https:\/\/ofsip.lu\/#website"},"primaryImageOfPage":{"@id":"https:\/\/ofsip.lu\/fourniture-et-installation\/#primaryimage"},"image":{"@id":"https:\/\/ofsip.lu\/fourniture-et-installation\/#primaryimage"},"thumbnailUrl":"https:\/\/ofsip.lu\/wp-content\/uploads\/2025\/07\/as.46894699.jpg","datePublished":"2025-06-03T12:14:30+00:00","dateModified":"2025-07-14T20:50:18+00:00","breadcrumb":{"@id":"https:\/\/ofsip.lu\/fourniture-et-installation\/#breadcrumb"},"inLanguage":"en-GB","potentialAction":[{"@type":"ReadAction","target":["https:\/\/ofsip.lu\/fourniture-et-installation\/"]}]},{"@type":"ImageObject","inLanguage":"en-GB","@id":"https:\/\/ofsip.lu\/fourniture-et-installation\/#primaryimage","url":"https:\/\/ofsip.lu\/wp-content\/uploads\/2025\/07\/as.46894699.jpg","contentUrl":"https:\/\/ofsip.lu\/wp-content\/uploads\/2025\/07\/as.46894699.jpg"},{"@type":"BreadcrumbList","@id":"https:\/\/ofsip.lu\/fourniture-et-installation\/#breadcrumb","itemListElement":[{"@type":"ListItem","position":1,"name":"Home","item":"https:\/\/ofsip.lu\/"},{"@type":"ListItem","position":2,"name":"Fourniture et Installation"}]},{"@type":"WebSite","@id":"https:\/\/ofsip.lu\/#website","url":"https:\/\/ofsip.lu\/","name":"OFSIP","description":"S\u00e9curiser l&#039;humain, renforcer l&#039;entreprise","publisher":{"@id":"https:\/\/ofsip.lu\/#organization"},"potentialAction":[{"@type":"SearchAction","target":{"@type":"EntryPoint","urlTemplate":"https:\/\/ofsip.lu\/?s={search_term_string}"},"query-input":{"@type":"PropertyValueSpecification","valueRequired":true,"valueName":"search_term_string"}}],"inLanguage":"en-GB"},{"@type":"Organization","@id":"https:\/\/ofsip.lu\/#organization","name":"OFSIP","url":"https:\/\/ofsip.lu\/","logo":{"@type":"ImageObject","inLanguage":"en-GB","@id":"https:\/\/ofsip.lu\/#\/schema\/logo\/image\/","url":"https:\/\/ofsip.lu\/wp-content\/uploads\/2025\/07\/Logo-OFSIP-Color-sans-detail.png","contentUrl":"https:\/\/ofsip.lu\/wp-content\/uploads\/2025\/07\/Logo-OFSIP-Color-sans-detail.png","width":486,"height":460,"caption":"OFSIP"},"image":{"@id":"https:\/\/ofsip.lu\/#\/schema\/logo\/image\/"}}]}},"jetpack_sharing_enabled":true,"_links":{"self":[{"href":"https:\/\/ofsip.lu\/en\/wp-json\/wp\/v2\/pages\/1810","targetHints":{"allow":["GET"]}}],"collection":[{"href":"https:\/\/ofsip.lu\/en\/wp-json\/wp\/v2\/pages"}],"about":[{"href":"https:\/\/ofsip.lu\/en\/wp-json\/wp\/v2\/types\/page"}],"author":[{"embeddable":true,"href":"https:\/\/ofsip.lu\/en\/wp-json\/wp\/v2\/users\/1"}],"replies":[{"embeddable":true,"href":"https:\/\/ofsip.lu\/en\/wp-json\/wp\/v2\/comments?post=1810"}],"version-history":[{"count":10,"href":"https:\/\/ofsip.lu\/en\/wp-json\/wp\/v2\/pages\/1810\/revisions"}],"predecessor-version":[{"id":2293,"href":"https:\/\/ofsip.lu\/en\/wp-json\/wp\/v2\/pages\/1810\/revisions\/2293"}],"wp:attachment":[{"href":"https:\/\/ofsip.lu\/en\/wp-json\/wp\/v2\/media?parent=1810"}],"curies":[{"name":"wp","href":"https:\/\/api.w.org\/{rel}","templated":true}]}}