{"id":1853,"date":"2025-07-14T09:28:40","date_gmt":"2025-07-14T09:28:40","guid":{"rendered":"https:\/\/ofsip.lu\/?page_id=1853"},"modified":"2025-09-19T13:24:45","modified_gmt":"2025-09-19T13:24:45","slug":"safetycare","status":"publish","type":"page","link":"https:\/\/ofsip.lu\/en\/accompagnement-et-prestations\/safetycare\/","title":{"rendered":"SafetyCare"},"content":{"rendered":"<div data-elementor-type=\"wp-post\" data-elementor-id=\"1853\" class=\"elementor elementor-1853\" data-elementor-post-type=\"page\">\n\t\t\t\t<div class=\"elementor-element elementor-element-0db6208 e-flex e-con-boxed e-con e-parent\" data-id=\"0db6208\" data-element_type=\"container\">\n\t\t\t\t\t<div class=\"e-con-inner\">\n\t\t\t\t<div class=\"elementor-element elementor-element-c84b043 elementor-widget elementor-widget-image\" data-id=\"c84b043\" data-element_type=\"widget\" data-widget_type=\"image.default\">\n\t\t\t\t<div class=\"elementor-widget-container\">\n\t\t\t\t\t\t\t\t\t\t\t\t\t\t\t<img fetchpriority=\"high\" decoding=\"async\" width=\"724\" height=\"1024\" src=\"https:\/\/ofsip.lu\/wp-content\/uploads\/2025\/09\/Capture-decran-2025-09-19-a-15.23.29-724x1024.png\" class=\"attachment-large size-large wp-image-2799\" alt=\"\" srcset=\"https:\/\/ofsip.lu\/wp-content\/uploads\/2025\/09\/Capture-decran-2025-09-19-a-15.23.29-724x1024.png 724w, https:\/\/ofsip.lu\/wp-content\/uploads\/2025\/09\/Capture-decran-2025-09-19-a-15.23.29-212x300.png 212w, https:\/\/ofsip.lu\/wp-content\/uploads\/2025\/09\/Capture-decran-2025-09-19-a-15.23.29-8x12.png 8w, https:\/\/ofsip.lu\/wp-content\/uploads\/2025\/09\/Capture-decran-2025-09-19-a-15.23.29.png 742w\" sizes=\"(max-width: 724px) 100vw, 724px\" \/>\t\t\t\t\t\t\t\t\t\t\t\t\t\t\t<\/div>\n\t\t\t\t<\/div>\n\t\t\t\t\t<\/div>\n\t\t\t\t<\/div>\n\t\t<div class=\"elementor-element elementor-element-79426e0 e-flex e-con-boxed e-con e-parent\" data-id=\"79426e0\" data-element_type=\"container\">\n\t\t\t\t\t<div class=\"e-con-inner\">\n\t\t\t\t<div class=\"elementor-element elementor-element-f722130 elementor-align-center elementor-widget elementor-widget-button\" data-id=\"f722130\" data-element_type=\"widget\" data-widget_type=\"button.default\">\n\t\t\t\t<div class=\"elementor-widget-container\">\n\t\t\t\t\t\t\t\t\t<div class=\"elementor-button-wrapper\">\n\t\t\t\t\t<a class=\"elementor-button elementor-button-link elementor-size-sm\" href=\"https:\/\/ofsip.lu\/en\/contact\/\">\n\t\t\t\t\t\t<span class=\"elementor-button-content-wrapper\">\n\t\t\t\t\t\t\t\t\t<span class=\"elementor-button-text\">Plus d'informations<\/span>\n\t\t\t\t\t<\/span>\n\t\t\t\t\t<\/a>\n\t\t\t\t<\/div>\n\t\t\t\t\t\t\t\t<\/div>\n\t\t\t\t<\/div>\n\t\t\t\t<div class=\"elementor-element elementor-element-da84f4e elementor-widget elementor-widget-text-editor\" data-id=\"da84f4e\" data-element_type=\"widget\" data-widget_type=\"text-editor.default\">\n\t\t\t\t<div class=\"elementor-widget-container\">\n\t\t\t\t\t\t\t\t\t<h3 style=\"caret-color: #000000; color: #000000;\" data-start=\"189\" data-end=\"254\">Un accompagnement tout au long de l\u2019ann\u00e9e, simple et efficace<\/h3>\n<p style=\"caret-color: #000000; color: #000000;\" data-start=\"256\" data-end=\"486\">Avec notre\u00a0<strong data-start=\"267\" data-end=\"286\">abonnement S&amp;ST<\/strong>, vous b\u00e9n\u00e9ficiez d\u2019un\u00a0<strong data-start=\"309\" data-end=\"359\">pack de formations et d\u2019ateliers personnalis\u00e9s<\/strong>, planifi\u00e9s sur l\u2019ann\u00e9e, pour r\u00e9pondre \u00e0 toutes vos obligations en mati\u00e8re de\u00a0<strong data-start=\"437\" data-end=\"485\">sant\u00e9, s\u00e9curit\u00e9 et qualit\u00e9 de vie au travail<\/strong>.<\/p>\n<p style=\"caret-color: #000000; color: #000000;\" data-start=\"488\" data-end=\"685\">Chaque mois nous intervenons sur les th\u00e8mes que vous choisissez :<br data-start=\"567\" data-end=\"570\" \/><strong data-start=\"570\" data-end=\"685\">incendie, gestes et postures, premiers secours, risques psychosociaux, ergonomie, DUERP, accueil s\u00e9curit\u00e9, etc.<\/strong><\/p>\n<h3 style=\"caret-color: #000000; color: #000000;\" data-start=\"692\" data-end=\"728\"><span style=\"font-family: var( --e-global-typography-primary-font-family ), Sans-serif; font-size: 1.75rem; font-weight: var( --e-global-typography-primary-font-weight ); text-align: var(--text-align);\">\u00a0<\/span><\/h3>\n<h3 style=\"caret-color: #000000; color: #000000;\" data-start=\"692\" data-end=\"728\"><span style=\"font-family: var( --e-global-typography-primary-font-family ), Sans-serif; font-size: 1.75rem; font-weight: var( --e-global-typography-primary-font-weight ); text-align: var(--text-align);\">Ce que comprend l\u2019abonnement :<\/span><\/h3>\n<ul style=\"caret-color: #000000; color: #000000;\" data-start=\"729\" data-end=\"993\">\n<li data-start=\"729\" data-end=\"774\">\n<p data-start=\"731\" data-end=\"774\">Un\u00a0<strong data-start=\"734\" data-end=\"772\">calendrier de formation sur mesure<\/strong><\/p>\n<\/li>\n<li data-start=\"775\" data-end=\"821\">\n<p data-start=\"777\" data-end=\"821\">Des\u00a0<strong data-start=\"781\" data-end=\"803\">ateliers pratiques<\/strong>\u00a0de 2 \u00e0 4 heures<\/p>\n<\/li>\n<li data-start=\"822\" data-end=\"875\">\n<p data-start=\"824\" data-end=\"875\">Des\u00a0<strong data-start=\"828\" data-end=\"853\">supports p\u00e9dagogiques<\/strong>\u00a0livr\u00e9s cl\u00e9s en main<\/p>\n<\/li>\n<li data-start=\"876\" data-end=\"935\">\n<p data-start=\"878\" data-end=\"935\">Des\u00a0<strong data-start=\"882\" data-end=\"906\">formateurs qualifi\u00e9s<\/strong>, \u00e0 l\u2019\u00e9coute de vos \u00e9quipes<\/p>\n<\/li>\n<li data-start=\"936\" data-end=\"993\">\n<p data-start=\"938\" data-end=\"993\">Un\u00a0<strong data-start=\"941\" data-end=\"967\">suivi annuel simplifi\u00e9<\/strong>\u00a0pour votre conformit\u00e9 ITM<\/p>\n<\/li>\n<\/ul>\n<p style=\"caret-color: #000000; color: #000000;\" data-start=\"1000\" data-end=\"1120\">\u00a0<\/p>\n<p style=\"caret-color: #000000; color: #000000;\" data-start=\"1000\" data-end=\"1120\">Plus besoin de tout g\u00e9rer au coup par coup :<br data-start=\"1044\" data-end=\"1047\" \/><strong data-start=\"1047\" data-end=\"1120\">on anticipe, on planifie, on forme\u2026 vous \u00eates couverts toute l\u2019ann\u00e9e.<\/strong><\/p>\t\t\t\t\t\t\t\t<\/div>\n\t\t\t\t<\/div>\n\t\t\t\t<div class=\"elementor-element elementor-element-45942b1 elementor-arrows-position-outside elementor-pagination-position-outside elementor-widget elementor-widget-image-carousel\" data-id=\"45942b1\" data-element_type=\"widget\" data-settings=\"{&quot;slides_to_show&quot;:&quot;1&quot;,&quot;navigation&quot;:&quot;both&quot;,&quot;autoplay&quot;:&quot;yes&quot;,&quot;pause_on_hover&quot;:&quot;yes&quot;,&quot;pause_on_interaction&quot;:&quot;yes&quot;,&quot;autoplay_speed&quot;:5000,&quot;infinite&quot;:&quot;yes&quot;,&quot;effect&quot;:&quot;slide&quot;,&quot;speed&quot;:500}\" data-widget_type=\"image-carousel.default\">\n\t\t\t\t<div class=\"elementor-widget-container\">\n\t\t\t\t\t\t\t<div class=\"elementor-image-carousel-wrapper swiper\" role=\"region\" aria-roledescription=\"carousel\" aria-label=\"Image Carousel\" dir=\"ltr\">\n\t\t\t<div class=\"elementor-image-carousel swiper-wrapper swiper-image-stretch\" aria-live=\"off\">\n\t\t\t\t\t\t\t\t<div class=\"swiper-slide\" role=\"group\" aria-roledescription=\"slide\" aria-label=\"1 of 12\"><figure class=\"swiper-slide-inner\"><img decoding=\"async\" class=\"swiper-slide-image\" src=\"https:\/\/ofsip.lu\/wp-content\/uploads\/2025\/07\/1-3.png\" alt=\"1\" \/><\/figure><\/div><div class=\"swiper-slide\" role=\"group\" aria-roledescription=\"slide\" aria-label=\"2 of 12\"><figure class=\"swiper-slide-inner\"><img decoding=\"async\" class=\"swiper-slide-image\" src=\"https:\/\/ofsip.lu\/wp-content\/uploads\/2025\/07\/2-3.png\" alt=\"2\" \/><\/figure><\/div><div class=\"swiper-slide\" role=\"group\" aria-roledescription=\"slide\" aria-label=\"3 of 12\"><figure class=\"swiper-slide-inner\"><img decoding=\"async\" class=\"swiper-slide-image\" src=\"https:\/\/ofsip.lu\/wp-content\/uploads\/2025\/07\/3-2.png\" alt=\"3\" \/><\/figure><\/div><div class=\"swiper-slide\" role=\"group\" aria-roledescription=\"slide\" aria-label=\"4 of 12\"><figure class=\"swiper-slide-inner\"><img decoding=\"async\" class=\"swiper-slide-image\" src=\"https:\/\/ofsip.lu\/wp-content\/uploads\/2025\/07\/4-2.png\" alt=\"4\" \/><\/figure><\/div><div class=\"swiper-slide\" role=\"group\" aria-roledescription=\"slide\" aria-label=\"5 of 12\"><figure class=\"swiper-slide-inner\"><img decoding=\"async\" class=\"swiper-slide-image\" src=\"https:\/\/ofsip.lu\/wp-content\/uploads\/2025\/07\/5-2.png\" alt=\"5\" \/><\/figure><\/div><div class=\"swiper-slide\" role=\"group\" aria-roledescription=\"slide\" aria-label=\"6 of 12\"><figure class=\"swiper-slide-inner\"><img decoding=\"async\" class=\"swiper-slide-image\" src=\"https:\/\/ofsip.lu\/wp-content\/uploads\/2025\/07\/6.png\" alt=\"6\" \/><\/figure><\/div><div class=\"swiper-slide\" role=\"group\" aria-roledescription=\"slide\" aria-label=\"7 of 12\"><figure class=\"swiper-slide-inner\"><img decoding=\"async\" class=\"swiper-slide-image\" src=\"https:\/\/ofsip.lu\/wp-content\/uploads\/2025\/07\/7.png\" alt=\"7\" \/><\/figure><\/div><div class=\"swiper-slide\" role=\"group\" aria-roledescription=\"slide\" aria-label=\"8 of 12\"><figure class=\"swiper-slide-inner\"><img decoding=\"async\" class=\"swiper-slide-image\" src=\"https:\/\/ofsip.lu\/wp-content\/uploads\/2025\/07\/8.png\" alt=\"8\" \/><\/figure><\/div><div class=\"swiper-slide\" role=\"group\" aria-roledescription=\"slide\" aria-label=\"9 of 12\"><figure class=\"swiper-slide-inner\"><img decoding=\"async\" class=\"swiper-slide-image\" src=\"https:\/\/ofsip.lu\/wp-content\/uploads\/2025\/07\/9.png\" alt=\"9\" \/><\/figure><\/div><div class=\"swiper-slide\" role=\"group\" aria-roledescription=\"slide\" aria-label=\"10 of 12\"><figure class=\"swiper-slide-inner\"><img decoding=\"async\" class=\"swiper-slide-image\" src=\"https:\/\/ofsip.lu\/wp-content\/uploads\/2025\/07\/10.png\" alt=\"10\" \/><\/figure><\/div><div class=\"swiper-slide\" role=\"group\" aria-roledescription=\"slide\" aria-label=\"11 of 12\"><figure class=\"swiper-slide-inner\"><img decoding=\"async\" class=\"swiper-slide-image\" src=\"https:\/\/ofsip.lu\/wp-content\/uploads\/2025\/07\/11.png\" alt=\"11\" \/><\/figure><\/div><div class=\"swiper-slide\" role=\"group\" aria-roledescription=\"slide\" aria-label=\"12 of 12\"><figure class=\"swiper-slide-inner\"><img decoding=\"async\" class=\"swiper-slide-image\" src=\"https:\/\/ofsip.lu\/wp-content\/uploads\/2025\/07\/12.png\" alt=\"12\" \/><\/figure><\/div>\t\t\t<\/div>\n\t\t\t\t\t\t\t\t\t\t\t\t<div class=\"elementor-swiper-button elementor-swiper-button-prev\" role=\"button\" tabindex=\"0\">\n\t\t\t\t\t\t<svg aria-hidden=\"true\" class=\"e-font-icon-svg e-fas-angle-left\" viewbox=\"0 0 256 512\" xmlns=\"http:\/\/www.w3.org\/2000\/svg\"><path d=\"M31.7 239l136-136c9.4-9.4 24.6-9.4 33.9 0l22.6 22.6c9.4 9.4 9.4 24.6 0 33.9L127.9 256l96.4 96.4c9.4 9.4 9.4 24.6 0 33.9L201.7 409c-9.4 9.4-24.6 9.4-33.9 0l-136-136c-9.5-9.4-9.5-24.6-.1-34z\"><\/path><\/svg>\t\t\t\t\t<\/div>\n\t\t\t\t\t<div class=\"elementor-swiper-button elementor-swiper-button-next\" role=\"button\" tabindex=\"0\">\n\t\t\t\t\t\t<svg aria-hidden=\"true\" class=\"e-font-icon-svg e-fas-angle-right\" viewbox=\"0 0 256 512\" xmlns=\"http:\/\/www.w3.org\/2000\/svg\"><path d=\"M224.3 273l-136 136c-9.4 9.4-24.6 9.4-33.9 0l-22.6-22.6c-9.4-9.4-9.4-24.6 0-33.9l96.4-96.4-96.4-96.4c-9.4-9.4-9.4-24.6 0-33.9L54.3 103c9.4-9.4 24.6-9.4 33.9 0l136 136c9.5 9.4 9.5 24.6.1 34z\"><\/path><\/svg>\t\t\t\t\t<\/div>\n\t\t\t\t\n\t\t\t\t\t\t\t\t\t<div class=\"swiper-pagination\"><\/div>\n\t\t\t\t\t\t\t\t\t<\/div>\n\t\t\t\t\t\t<\/div>\n\t\t\t\t<\/div>\n\t\t\t\t\t<\/div>\n\t\t\t\t<\/div>\n\t\t\t\t<\/div>","protected":false},"excerpt":{"rendered":"<p>Plus d&rsquo;informations Un accompagnement tout au long de l\u2019ann\u00e9e, simple et efficace Avec notre\u00a0abonnement S&amp;ST, vous b\u00e9n\u00e9ficiez d\u2019un\u00a0pack de formations et d\u2019ateliers personnalis\u00e9s, planifi\u00e9s sur l\u2019ann\u00e9e, pour r\u00e9pondre \u00e0 toutes vos obligations en mati\u00e8re de\u00a0sant\u00e9, s\u00e9curit\u00e9 et qualit\u00e9 de vie au travail. Chaque mois nous intervenons sur les th\u00e8mes que vous choisissez :incendie, gestes et [&hellip;]<\/p>","protected":false},"author":1,"featured_media":0,"parent":1789,"menu_order":0,"comment_status":"closed","ping_status":"closed","template":"","meta":{"footnotes":""},"class_list":["post-1853","page","type-page","status-publish","hentry"],"yoast_head":"<!-- This site is optimized with the Yoast SEO plugin v25.4 - https:\/\/yoast.com\/wordpress\/plugins\/seo\/ -->\n<title>Abonnement Annuel Formations S&amp;ST | OFSIP Luxembourg<\/title>\n<meta name=\"description\" content=\"OFSIP propose un abonnement annuel en Sant\u00e9 &amp; S\u00e9curit\u00e9 au Travail au Luxembourg. Formations SST, incendie, RPS et TD incluses dans une offre cl\u00e9 en main.\" \/>\n<meta name=\"robots\" content=\"index, follow, max-snippet:-1, max-image-preview:large, max-video-preview:-1\" \/>\n<link rel=\"canonical\" href=\"https:\/\/ofsip.lu\/en\/accompagnement-et-prestations\/safetycare\/\" \/>\n<meta property=\"og:locale\" content=\"en_GB\" \/>\n<meta property=\"og:type\" content=\"article\" \/>\n<meta property=\"og:title\" content=\"Abonnement Annuel Formations S&amp;ST | OFSIP Luxembourg\" \/>\n<meta property=\"og:description\" content=\"OFSIP propose un abonnement annuel en Sant\u00e9 &amp; S\u00e9curit\u00e9 au Travail au Luxembourg. Formations SST, incendie, RPS et TD incluses dans une offre cl\u00e9 en main.\" \/>\n<meta property=\"og:url\" content=\"https:\/\/ofsip.lu\/en\/accompagnement-et-prestations\/safetycare\/\" \/>\n<meta property=\"og:site_name\" content=\"OFSIP\" \/>\n<meta property=\"article:modified_time\" content=\"2025-09-19T13:24:45+00:00\" \/>\n<meta property=\"og:image\" content=\"https:\/\/ofsip.lu\/wp-content\/uploads\/2025\/09\/Capture-decran-2025-09-19-a-15.23.29.png\" \/>\n\t<meta property=\"og:image:width\" content=\"742\" \/>\n\t<meta property=\"og:image:height\" content=\"1050\" \/>\n\t<meta property=\"og:image:type\" content=\"image\/png\" \/>\n<meta name=\"twitter:card\" content=\"summary_large_image\" \/>\n<meta name=\"twitter:label1\" content=\"Estimated reading time\" \/>\n\t<meta name=\"twitter:data1\" content=\"4 minutes\" \/>\n<script type=\"application\/ld+json\" class=\"yoast-schema-graph\">{\"@context\":\"https:\/\/schema.org\",\"@graph\":[{\"@type\":\"WebPage\",\"@id\":\"https:\/\/ofsip.lu\/accompagnement-et-prestations\/safetycare\/\",\"url\":\"https:\/\/ofsip.lu\/accompagnement-et-prestations\/safetycare\/\",\"name\":\"Abonnement Annuel Formations S&ST | OFSIP Luxembourg\",\"isPartOf\":{\"@id\":\"https:\/\/ofsip.lu\/#website\"},\"primaryImageOfPage\":{\"@id\":\"https:\/\/ofsip.lu\/accompagnement-et-prestations\/safetycare\/#primaryimage\"},\"image\":{\"@id\":\"https:\/\/ofsip.lu\/accompagnement-et-prestations\/safetycare\/#primaryimage\"},\"thumbnailUrl\":\"https:\/\/ofsip.lu\/wp-content\/uploads\/2025\/09\/Capture-decran-2025-09-19-a-15.23.29-724x1024.png\",\"datePublished\":\"2025-07-14T09:28:40+00:00\",\"dateModified\":\"2025-09-19T13:24:45+00:00\",\"description\":\"OFSIP propose un abonnement annuel en Sant\u00e9 & S\u00e9curit\u00e9 au Travail au Luxembourg. Formations SST, incendie, RPS et TD incluses dans une offre cl\u00e9 en main.\",\"breadcrumb\":{\"@id\":\"https:\/\/ofsip.lu\/accompagnement-et-prestations\/safetycare\/#breadcrumb\"},\"inLanguage\":\"en-GB\",\"potentialAction\":[{\"@type\":\"ReadAction\",\"target\":[\"https:\/\/ofsip.lu\/accompagnement-et-prestations\/safetycare\/\"]}]},{\"@type\":\"ImageObject\",\"inLanguage\":\"en-GB\",\"@id\":\"https:\/\/ofsip.lu\/accompagnement-et-prestations\/safetycare\/#primaryimage\",\"url\":\"https:\/\/ofsip.lu\/wp-content\/uploads\/2025\/09\/Capture-decran-2025-09-19-a-15.23.29-724x1024.png\",\"contentUrl\":\"https:\/\/ofsip.lu\/wp-content\/uploads\/2025\/09\/Capture-decran-2025-09-19-a-15.23.29-724x1024.png\"},{\"@type\":\"BreadcrumbList\",\"@id\":\"https:\/\/ofsip.lu\/accompagnement-et-prestations\/safetycare\/#breadcrumb\",\"itemListElement\":[{\"@type\":\"ListItem\",\"position\":1,\"name\":\"Home\",\"item\":\"https:\/\/ofsip.lu\/\"},{\"@type\":\"ListItem\",\"position\":2,\"name\":\"Solutions sur-Mesure\",\"item\":\"https:\/\/ofsip.lu\/accompagnement-et-prestations\/\"},{\"@type\":\"ListItem\",\"position\":3,\"name\":\"SafetyCare\"}]},{\"@type\":\"WebSite\",\"@id\":\"https:\/\/ofsip.lu\/#website\",\"url\":\"https:\/\/ofsip.lu\/\",\"name\":\"OFSIP\",\"description\":\"S\u00e9curiser l&#039;humain, renforcer l&#039;entreprise\",\"publisher\":{\"@id\":\"https:\/\/ofsip.lu\/#organization\"},\"potentialAction\":[{\"@type\":\"SearchAction\",\"target\":{\"@type\":\"EntryPoint\",\"urlTemplate\":\"https:\/\/ofsip.lu\/?s={search_term_string}\"},\"query-input\":{\"@type\":\"PropertyValueSpecification\",\"valueRequired\":true,\"valueName\":\"search_term_string\"}}],\"inLanguage\":\"en-GB\"},{\"@type\":\"Organization\",\"@id\":\"https:\/\/ofsip.lu\/#organization\",\"name\":\"OFSIP\",\"url\":\"https:\/\/ofsip.lu\/\",\"logo\":{\"@type\":\"ImageObject\",\"inLanguage\":\"en-GB\",\"@id\":\"https:\/\/ofsip.lu\/#\/schema\/logo\/image\/\",\"url\":\"https:\/\/ofsip.lu\/wp-content\/uploads\/2025\/07\/Logo-OFSIP-Color-sans-detail.png\",\"contentUrl\":\"https:\/\/ofsip.lu\/wp-content\/uploads\/2025\/07\/Logo-OFSIP-Color-sans-detail.png\",\"width\":486,\"height\":460,\"caption\":\"OFSIP\"},\"image\":{\"@id\":\"https:\/\/ofsip.lu\/#\/schema\/logo\/image\/\"}}]}<\/script>\n<!-- \/ Yoast SEO plugin. -->","yoast_head_json":{"title":"Abonnement Annuel Formations S&ST | OFSIP Luxembourg","description":"OFSIP propose un abonnement annuel en Sant\u00e9 & S\u00e9curit\u00e9 au Travail au Luxembourg. Formations SST, incendie, RPS et TD incluses dans une offre cl\u00e9 en main.","robots":{"index":"index","follow":"follow","max-snippet":"max-snippet:-1","max-image-preview":"max-image-preview:large","max-video-preview":"max-video-preview:-1"},"canonical":"https:\/\/ofsip.lu\/en\/accompagnement-et-prestations\/safetycare\/","og_locale":"en_GB","og_type":"article","og_title":"Abonnement Annuel Formations S&ST | OFSIP Luxembourg","og_description":"OFSIP propose un abonnement annuel en Sant\u00e9 & S\u00e9curit\u00e9 au Travail au Luxembourg. Formations SST, incendie, RPS et TD incluses dans une offre cl\u00e9 en main.","og_url":"https:\/\/ofsip.lu\/en\/accompagnement-et-prestations\/safetycare\/","og_site_name":"OFSIP","article_modified_time":"2025-09-19T13:24:45+00:00","og_image":[{"width":742,"height":1050,"url":"https:\/\/ofsip.lu\/wp-content\/uploads\/2025\/09\/Capture-decran-2025-09-19-a-15.23.29.png","type":"image\/png"}],"twitter_card":"summary_large_image","twitter_misc":{"Estimated reading time":"4 minutes"},"schema":{"@context":"https:\/\/schema.org","@graph":[{"@type":"WebPage","@id":"https:\/\/ofsip.lu\/accompagnement-et-prestations\/safetycare\/","url":"https:\/\/ofsip.lu\/accompagnement-et-prestations\/safetycare\/","name":"Abonnement Annuel Formations S&ST | OFSIP Luxembourg","isPartOf":{"@id":"https:\/\/ofsip.lu\/#website"},"primaryImageOfPage":{"@id":"https:\/\/ofsip.lu\/accompagnement-et-prestations\/safetycare\/#primaryimage"},"image":{"@id":"https:\/\/ofsip.lu\/accompagnement-et-prestations\/safetycare\/#primaryimage"},"thumbnailUrl":"https:\/\/ofsip.lu\/wp-content\/uploads\/2025\/09\/Capture-decran-2025-09-19-a-15.23.29-724x1024.png","datePublished":"2025-07-14T09:28:40+00:00","dateModified":"2025-09-19T13:24:45+00:00","description":"OFSIP propose un abonnement annuel en Sant\u00e9 & S\u00e9curit\u00e9 au Travail au Luxembourg. Formations SST, incendie, RPS et TD incluses dans une offre cl\u00e9 en main.","breadcrumb":{"@id":"https:\/\/ofsip.lu\/accompagnement-et-prestations\/safetycare\/#breadcrumb"},"inLanguage":"en-GB","potentialAction":[{"@type":"ReadAction","target":["https:\/\/ofsip.lu\/accompagnement-et-prestations\/safetycare\/"]}]},{"@type":"ImageObject","inLanguage":"en-GB","@id":"https:\/\/ofsip.lu\/accompagnement-et-prestations\/safetycare\/#primaryimage","url":"https:\/\/ofsip.lu\/wp-content\/uploads\/2025\/09\/Capture-decran-2025-09-19-a-15.23.29-724x1024.png","contentUrl":"https:\/\/ofsip.lu\/wp-content\/uploads\/2025\/09\/Capture-decran-2025-09-19-a-15.23.29-724x1024.png"},{"@type":"BreadcrumbList","@id":"https:\/\/ofsip.lu\/accompagnement-et-prestations\/safetycare\/#breadcrumb","itemListElement":[{"@type":"ListItem","position":1,"name":"Home","item":"https:\/\/ofsip.lu\/"},{"@type":"ListItem","position":2,"name":"Solutions sur-Mesure","item":"https:\/\/ofsip.lu\/accompagnement-et-prestations\/"},{"@type":"ListItem","position":3,"name":"SafetyCare"}]},{"@type":"WebSite","@id":"https:\/\/ofsip.lu\/#website","url":"https:\/\/ofsip.lu\/","name":"OFSIP","description":"S\u00e9curiser l&#039;humain, renforcer l&#039;entreprise","publisher":{"@id":"https:\/\/ofsip.lu\/#organization"},"potentialAction":[{"@type":"SearchAction","target":{"@type":"EntryPoint","urlTemplate":"https:\/\/ofsip.lu\/?s={search_term_string}"},"query-input":{"@type":"PropertyValueSpecification","valueRequired":true,"valueName":"search_term_string"}}],"inLanguage":"en-GB"},{"@type":"Organization","@id":"https:\/\/ofsip.lu\/#organization","name":"OFSIP","url":"https:\/\/ofsip.lu\/","logo":{"@type":"ImageObject","inLanguage":"en-GB","@id":"https:\/\/ofsip.lu\/#\/schema\/logo\/image\/","url":"https:\/\/ofsip.lu\/wp-content\/uploads\/2025\/07\/Logo-OFSIP-Color-sans-detail.png","contentUrl":"https:\/\/ofsip.lu\/wp-content\/uploads\/2025\/07\/Logo-OFSIP-Color-sans-detail.png","width":486,"height":460,"caption":"OFSIP"},"image":{"@id":"https:\/\/ofsip.lu\/#\/schema\/logo\/image\/"}}]}},"jetpack_sharing_enabled":true,"_links":{"self":[{"href":"https:\/\/ofsip.lu\/en\/wp-json\/wp\/v2\/pages\/1853","targetHints":{"allow":["GET"]}}],"collection":[{"href":"https:\/\/ofsip.lu\/en\/wp-json\/wp\/v2\/pages"}],"about":[{"href":"https:\/\/ofsip.lu\/en\/wp-json\/wp\/v2\/types\/page"}],"author":[{"embeddable":true,"href":"https:\/\/ofsip.lu\/en\/wp-json\/wp\/v2\/users\/1"}],"replies":[{"embeddable":true,"href":"https:\/\/ofsip.lu\/en\/wp-json\/wp\/v2\/comments?post=1853"}],"version-history":[{"count":22,"href":"https:\/\/ofsip.lu\/en\/wp-json\/wp\/v2\/pages\/1853\/revisions"}],"predecessor-version":[{"id":2802,"href":"https:\/\/ofsip.lu\/en\/wp-json\/wp\/v2\/pages\/1853\/revisions\/2802"}],"up":[{"embeddable":true,"href":"https:\/\/ofsip.lu\/en\/wp-json\/wp\/v2\/pages\/1789"}],"wp:attachment":[{"href":"https:\/\/ofsip.lu\/en\/wp-json\/wp\/v2\/media?parent=1853"}],"curies":[{"name":"wp","href":"https:\/\/api.w.org\/{rel}","templated":true}]}}