{"id":1857,"date":"2025-07-14T13:03:21","date_gmt":"2025-07-14T13:03:21","guid":{"rendered":"https:\/\/ofsip.lu\/?page_id=1857"},"modified":"2025-09-04T07:37:53","modified_gmt":"2025-09-04T07:37:53","slug":"formation-a-distance","status":"publish","type":"page","link":"https:\/\/ofsip.lu\/en\/formation-a-distance\/","title":{"rendered":"Formez-vous \u00e0 distance\u200b"},"content":{"rendered":"<div data-elementor-type=\"wp-post\" data-elementor-id=\"1857\" class=\"elementor elementor-1857\" data-elementor-post-type=\"page\">\n\t\t\t\t<div class=\"elementor-element elementor-element-95d78f9 e-flex e-con-boxed e-con e-parent\" data-id=\"95d78f9\" data-element_type=\"container\">\n\t\t\t\t\t<div class=\"e-con-inner\">\n\t\t<div class=\"elementor-element elementor-element-81bae19 e-con-full e-flex e-con e-child\" data-id=\"81bae19\" data-element_type=\"container\">\n\t\t\t\t<div class=\"elementor-element elementor-element-8fc82de elementor-widget elementor-widget-text-editor\" data-id=\"8fc82de\" data-element_type=\"widget\" data-widget_type=\"text-editor.default\">\n\t\t\t\t<div class=\"elementor-widget-container\">\n\t\t\t\t\t\t\t\t\t<h3 style=\"caret-color: #000000; color: #000000;\" data-start=\"174\" data-end=\"218\">R\u00e9animation Cardio-Pulmonaire (RCP)<\/h3><p style=\"caret-color: #000000; color: #000000;\" data-start=\"219\" data-end=\"377\">Apprenez les bons r\u00e9flexes pour r\u00e9agir face \u00e0 un arr\u00eat cardiaque : alerter, masser, d\u00e9fibriller. Une formation essentielle, accessible \u00e0 tous, 100 % en ligne.<\/p><p style=\"caret-color: #000000; color: #000000;\" data-start=\"219\" data-end=\"377\">Lors de cette formation, apprenez \u00e0 r\u00e9agir face \u00e0 une victime inconsciente qui respire et inconsciente qui ne respire pas.<\/p><p style=\"caret-color: #000000; color: #000000;\" data-start=\"219\" data-end=\"377\">-&gt; Prot\u00e9ger<\/p><p style=\"caret-color: #000000; color: #000000;\" data-start=\"219\" data-end=\"377\">-&gt; Examiner<\/p><p style=\"caret-color: #000000; color: #000000;\" data-start=\"219\" data-end=\"377\">-&gt; Alerter<\/p><p style=\"caret-color: #000000; color: #000000;\" data-start=\"219\" data-end=\"377\">-&gt; Secourir<\/p><p style=\"caret-color: #000000; color: #000000;\" data-start=\"219\" data-end=\"377\">Cette formation d&rsquo;<strong>1h00<\/strong> d\u00e9tail toutes les \u00e9tapes<\/p><p style=\"caret-color: #000000; color: #000000;\" data-start=\"379\" data-end=\"544\">1. Cliquez sur le bouton ci-dessous pour acc\u00e9der au paiement s\u00e9curis\u00e9.<br data-start=\"449\" data-end=\"452\" \/>2. Une fois votre achat valid\u00e9,\u00a0<strong data-start=\"484\" data-end=\"544\">vous recevrez le lien de la formation par email sous 2h.<\/strong><\/p>\t\t\t\t\t\t\t\t<\/div>\n\t\t\t\t<\/div>\n\t\t\t\t<div class=\"elementor-element elementor-element-4199480 elementor-align-center elementor-widget elementor-widget-button\" data-id=\"4199480\" data-element_type=\"widget\" data-widget_type=\"button.default\">\n\t\t\t\t<div class=\"elementor-widget-container\">\n\t\t\t\t\t\t\t\t\t<div class=\"elementor-button-wrapper\">\n\t\t\t\t\t<a class=\"elementor-button elementor-button-link elementor-size-sm\" href=\"https:\/\/buy.stripe.com\/fZe146gwP1ebcH67st\">\n\t\t\t\t\t\t<span class=\"elementor-button-content-wrapper\">\n\t\t\t\t\t\t\t\t\t<span class=\"elementor-button-text\">Acheter la formation - 85,00 \u20ac\u00a0TTC<\/span>\n\t\t\t\t\t<\/span>\n\t\t\t\t\t<\/a>\n\t\t\t\t<\/div>\n\t\t\t\t\t\t\t\t<\/div>\n\t\t\t\t<\/div>\n\t\t\t\t<\/div>\n\t\t<div class=\"elementor-element elementor-element-b1ed746 e-con-full e-flex e-con e-child\" data-id=\"b1ed746\" data-element_type=\"container\">\n\t\t\t\t<div class=\"elementor-element elementor-element-448d6ec elementor-widget__width-initial elementor-absolute elementor-widget elementor-widget-image\" data-id=\"448d6ec\" data-element_type=\"widget\" data-settings=\"{&quot;_position&quot;:&quot;absolute&quot;}\" data-widget_type=\"image.default\">\n\t\t\t\t<div class=\"elementor-widget-container\">\n\t\t\t\t\t\t\t\t\t\t\t\t\t\t\t<img fetchpriority=\"high\" decoding=\"async\" width=\"800\" height=\"422\" src=\"https:\/\/ofsip.lu\/wp-content\/uploads\/2025\/07\/SST_2-1024x540.jpg\" class=\"attachment-large size-large wp-image-2211\" alt=\"\" srcset=\"https:\/\/ofsip.lu\/wp-content\/uploads\/2025\/07\/SST_2-1024x540.jpg 1024w, https:\/\/ofsip.lu\/wp-content\/uploads\/2025\/07\/SST_2-300x158.jpg 300w, https:\/\/ofsip.lu\/wp-content\/uploads\/2025\/07\/SST_2-768x405.jpg 768w, https:\/\/ofsip.lu\/wp-content\/uploads\/2025\/07\/SST_2-1536x810.jpg 1536w, https:\/\/ofsip.lu\/wp-content\/uploads\/2025\/07\/SST_2-2048x1080.jpg 2048w, https:\/\/ofsip.lu\/wp-content\/uploads\/2025\/07\/SST_2-18x9.jpg 18w\" sizes=\"(max-width: 800px) 100vw, 800px\" \/>\t\t\t\t\t\t\t\t\t\t\t\t\t\t\t<\/div>\n\t\t\t\t<\/div>\n\t\t\t\t<\/div>\n\t\t\t\t\t<\/div>\n\t\t\t\t<\/div>\n\t\t<div class=\"elementor-element elementor-element-362444e e-flex e-con-boxed e-con e-parent\" data-id=\"362444e\" data-element_type=\"container\">\n\t\t\t\t\t<div class=\"e-con-inner\">\n\t\t\t\t<div class=\"elementor-element elementor-element-c88f2d1 elementor-widget-divider--view-line elementor-widget elementor-widget-divider\" data-id=\"c88f2d1\" data-element_type=\"widget\" data-widget_type=\"divider.default\">\n\t\t\t\t<div class=\"elementor-widget-container\">\n\t\t\t\t\t\t\t<div class=\"elementor-divider\">\n\t\t\t<span class=\"elementor-divider-separator\">\n\t\t\t\t\t\t<\/span>\n\t\t<\/div>\n\t\t\t\t\t\t<\/div>\n\t\t\t\t<\/div>\n\t\t\t\t\t<\/div>\n\t\t\t\t<\/div>\n\t\t<div class=\"elementor-element elementor-element-306cbba e-flex e-con-boxed e-con e-parent\" data-id=\"306cbba\" data-element_type=\"container\">\n\t\t\t\t\t<div class=\"e-con-inner\">\n\t\t<div class=\"elementor-element elementor-element-0d88d1e e-con-full e-flex e-con e-child\" data-id=\"0d88d1e\" data-element_type=\"container\">\n\t\t\t\t<div class=\"elementor-element elementor-element-a107468 elementor-align-center elementor-absolute elementor-widget elementor-widget-button\" data-id=\"a107468\" data-element_type=\"widget\" data-settings=\"{&quot;_position&quot;:&quot;absolute&quot;}\" data-widget_type=\"button.default\">\n\t\t\t\t<div class=\"elementor-widget-container\">\n\t\t\t\t\t\t\t\t\t<div class=\"elementor-button-wrapper\">\n\t\t\t\t\t<a class=\"elementor-button elementor-button-link elementor-size-sm\" href=\"https:\/\/buy.stripe.com\/bIY7subcv0a78qQ000\">\n\t\t\t\t\t\t<span class=\"elementor-button-content-wrapper\">\n\t\t\t\t\t\t\t\t\t<span class=\"elementor-button-text\">Acheter la formation - 75,00 \u20ac\u00a0TTC<\/span>\n\t\t\t\t\t<\/span>\n\t\t\t\t\t<\/a>\n\t\t\t\t<\/div>\n\t\t\t\t\t\t\t\t<\/div>\n\t\t\t\t<\/div>\n\t\t\t\t<\/div>\n\t\t<div class=\"elementor-element elementor-element-64294b9 e-con-full e-flex e-con e-child\" data-id=\"64294b9\" data-element_type=\"container\">\n\t\t\t\t<div class=\"elementor-element elementor-element-f4557ae elementor-widget elementor-widget-text-editor\" data-id=\"f4557ae\" data-element_type=\"widget\" data-widget_type=\"text-editor.default\">\n\t\t\t\t<div class=\"elementor-widget-container\">\n\t\t\t\t\t\t\t\t\t<h4 style=\"caret-color: #000000; color: #000000;\" data-start=\"142\" data-end=\"218\"><strong data-start=\"146\" data-end=\"218\">Initiation Gestes de Premiers Secours chez l\u2019enfant et le nourrisson<\/strong><\/h4><p style=\"font-weight: 400;\" data-start=\"220\" data-end=\"420\">Apprenez les bons gestes pour prot\u00e9ger les plus petits en cas d\u2019accident du quotidien. Une initiation claire, pratique et rassurante, 100 % en ligne, pour r\u00e9agir efficacement en attendant les secours.<\/p><p style=\"font-weight: 400;\" data-start=\"422\" data-end=\"563\">Lors de cette formation, vous d\u00e9couvrirez comment agir face aux situations d\u2019urgence les plus courantes chez les b\u00e9b\u00e9s et les jeunes enfants.<\/p><p style=\"font-weight: 400;\" data-start=\"565\" data-end=\"642\">\u2192 \u00c9touffement<br data-start=\"578\" data-end=\"581\" \/>\u2192 Br\u00fblures<br data-start=\"591\" data-end=\"594\" \/>\u2192 Traumatisme<br data-start=\"607\" data-end=\"610\" \/>\u2192 Malaise<br data-start=\"619\" data-end=\"622\" \/>\u2192 Arr\u00eat respiratoire<\/p><p style=\"font-weight: 400;\" data-start=\"644\" data-end=\"745\">Cette formation d\u20191h00 vous guide \u00e9tape par \u00e9tape avec des vid\u00e9os p\u00e9dagogiques et accessibles \u00e0 tous.<\/p><ol style=\"font-weight: 400;\" data-start=\"747\" data-end=\"908\"><li data-start=\"747\" data-end=\"819\"><p data-start=\"750\" data-end=\"819\">Cliquez sur le bouton ci-dessous pour acc\u00e9der au paiement s\u00e9curis\u00e9.<\/p><\/li><li data-start=\"820\" data-end=\"908\"><p data-start=\"823\" data-end=\"908\">Une fois votre achat valid\u00e9, vous recevrez le lien de la formation par email sous 2h.<\/p><\/li><\/ol>\t\t\t\t\t\t\t\t<\/div>\n\t\t\t\t<\/div>\n\t\t\t\t<div class=\"elementor-element elementor-element-f8be1e0 elementor-widget__width-initial elementor-absolute elementor-widget elementor-widget-image\" data-id=\"f8be1e0\" data-element_type=\"widget\" data-settings=\"{&quot;_position&quot;:&quot;absolute&quot;}\" data-widget_type=\"image.default\">\n\t\t\t\t<div class=\"elementor-widget-container\">\n\t\t\t\t\t\t\t\t\t\t\t\t\t\t\t<img decoding=\"async\" width=\"800\" height=\"884\" src=\"https:\/\/ofsip.lu\/wp-content\/uploads\/2025\/07\/IMG_2230-927x1024.jpg\" class=\"attachment-large size-large wp-image-2216\" alt=\"\" srcset=\"https:\/\/ofsip.lu\/wp-content\/uploads\/2025\/07\/IMG_2230-927x1024.jpg 927w, https:\/\/ofsip.lu\/wp-content\/uploads\/2025\/07\/IMG_2230-272x300.jpg 272w, https:\/\/ofsip.lu\/wp-content\/uploads\/2025\/07\/IMG_2230-768x849.jpg 768w, https:\/\/ofsip.lu\/wp-content\/uploads\/2025\/07\/IMG_2230-1390x1536.jpg 1390w, https:\/\/ofsip.lu\/wp-content\/uploads\/2025\/07\/IMG_2230-11x12.jpg 11w, https:\/\/ofsip.lu\/wp-content\/uploads\/2025\/07\/IMG_2230.jpg 1793w\" sizes=\"(max-width: 800px) 100vw, 800px\" \/>\t\t\t\t\t\t\t\t\t\t\t\t\t\t\t<\/div>\n\t\t\t\t<\/div>\n\t\t\t\t<\/div>\n\t\t\t\t\t<\/div>\n\t\t\t\t<\/div>\n\t\t\t\t<\/div>","protected":false},"excerpt":{"rendered":"<p>R\u00e9animation Cardio-Pulmonaire (RCP) Apprenez les bons r\u00e9flexes pour r\u00e9agir face \u00e0 un arr\u00eat cardiaque : alerter, masser, d\u00e9fibriller. Une formation essentielle, accessible \u00e0 tous, 100 % en ligne. Lors de cette formation, apprenez \u00e0 r\u00e9agir face \u00e0 une victime inconsciente qui respire et inconsciente qui ne respire pas. -&gt; Prot\u00e9ger -&gt; Examiner -&gt; Alerter -&gt; [&hellip;]<\/p>","protected":false},"author":1,"featured_media":0,"parent":0,"menu_order":0,"comment_status":"closed","ping_status":"closed","template":"","meta":{"footnotes":""},"class_list":["post-1857","page","type-page","status-publish","hentry"],"yoast_head":"<!-- This site is optimized with the Yoast SEO plugin v25.4 - https:\/\/yoast.com\/wordpress\/plugins\/seo\/ -->\n<title>Formations \u00e0 Distance Sant\u00e9 &amp; S\u00e9curit\u00e9 au Travail | OFSIP<\/title>\n<meta name=\"description\" content=\"Suivez vos formations Sant\u00e9 &amp; S\u00e9curit\u00e9 au Travail \u00e0 distance avec OFSIP Luxembourg. Des modules interactifs en visioconf\u00e9rence et e-learning certifi\u00e9s.\" \/>\n<meta name=\"robots\" content=\"index, follow, max-snippet:-1, max-image-preview:large, max-video-preview:-1\" \/>\n<link rel=\"canonical\" href=\"https:\/\/ofsip.lu\/en\/formation-a-distance\/\" \/>\n<meta property=\"og:locale\" content=\"en_GB\" \/>\n<meta property=\"og:type\" content=\"article\" \/>\n<meta property=\"og:title\" content=\"Formations \u00e0 Distance Sant\u00e9 &amp; S\u00e9curit\u00e9 au Travail | OFSIP\" \/>\n<meta property=\"og:description\" content=\"Suivez vos formations Sant\u00e9 &amp; S\u00e9curit\u00e9 au Travail \u00e0 distance avec OFSIP Luxembourg. Des modules interactifs en visioconf\u00e9rence et e-learning certifi\u00e9s.\" \/>\n<meta property=\"og:url\" content=\"https:\/\/ofsip.lu\/en\/formation-a-distance\/\" \/>\n<meta property=\"og:site_name\" content=\"OFSIP\" \/>\n<meta property=\"article:modified_time\" content=\"2025-09-04T07:37:53+00:00\" \/>\n<meta property=\"og:image\" content=\"https:\/\/ofsip.lu\/wp-content\/uploads\/2025\/07\/SST_2-1024x540.jpg\" \/>\n<meta name=\"twitter:card\" content=\"summary_large_image\" \/>\n<meta name=\"twitter:label1\" content=\"Estimated reading time\" \/>\n\t<meta name=\"twitter:data1\" content=\"2 minutes\" \/>\n<script type=\"application\/ld+json\" class=\"yoast-schema-graph\">{\"@context\":\"https:\/\/schema.org\",\"@graph\":[{\"@type\":\"WebPage\",\"@id\":\"https:\/\/ofsip.lu\/formation-a-distance\/\",\"url\":\"https:\/\/ofsip.lu\/formation-a-distance\/\",\"name\":\"Formations \u00e0 Distance Sant\u00e9 & S\u00e9curit\u00e9 au Travail | OFSIP\",\"isPartOf\":{\"@id\":\"https:\/\/ofsip.lu\/#website\"},\"primaryImageOfPage\":{\"@id\":\"https:\/\/ofsip.lu\/formation-a-distance\/#primaryimage\"},\"image\":{\"@id\":\"https:\/\/ofsip.lu\/formation-a-distance\/#primaryimage\"},\"thumbnailUrl\":\"https:\/\/ofsip.lu\/wp-content\/uploads\/2025\/07\/SST_2-1024x540.jpg\",\"datePublished\":\"2025-07-14T13:03:21+00:00\",\"dateModified\":\"2025-09-04T07:37:53+00:00\",\"description\":\"Suivez vos formations Sant\u00e9 & S\u00e9curit\u00e9 au Travail \u00e0 distance avec OFSIP Luxembourg. Des modules interactifs en visioconf\u00e9rence et e-learning certifi\u00e9s.\",\"breadcrumb\":{\"@id\":\"https:\/\/ofsip.lu\/formation-a-distance\/#breadcrumb\"},\"inLanguage\":\"en-GB\",\"potentialAction\":[{\"@type\":\"ReadAction\",\"target\":[\"https:\/\/ofsip.lu\/formation-a-distance\/\"]}]},{\"@type\":\"ImageObject\",\"inLanguage\":\"en-GB\",\"@id\":\"https:\/\/ofsip.lu\/formation-a-distance\/#primaryimage\",\"url\":\"https:\/\/ofsip.lu\/wp-content\/uploads\/2025\/07\/SST_2-1024x540.jpg\",\"contentUrl\":\"https:\/\/ofsip.lu\/wp-content\/uploads\/2025\/07\/SST_2-1024x540.jpg\"},{\"@type\":\"BreadcrumbList\",\"@id\":\"https:\/\/ofsip.lu\/formation-a-distance\/#breadcrumb\",\"itemListElement\":[{\"@type\":\"ListItem\",\"position\":1,\"name\":\"Home\",\"item\":\"https:\/\/ofsip.lu\/\"},{\"@type\":\"ListItem\",\"position\":2,\"name\":\"Formez-vous \u00e0 distance\u200b\"}]},{\"@type\":\"WebSite\",\"@id\":\"https:\/\/ofsip.lu\/#website\",\"url\":\"https:\/\/ofsip.lu\/\",\"name\":\"OFSIP\",\"description\":\"S\u00e9curiser l&#039;humain, renforcer l&#039;entreprise\",\"publisher\":{\"@id\":\"https:\/\/ofsip.lu\/#organization\"},\"potentialAction\":[{\"@type\":\"SearchAction\",\"target\":{\"@type\":\"EntryPoint\",\"urlTemplate\":\"https:\/\/ofsip.lu\/?s={search_term_string}\"},\"query-input\":{\"@type\":\"PropertyValueSpecification\",\"valueRequired\":true,\"valueName\":\"search_term_string\"}}],\"inLanguage\":\"en-GB\"},{\"@type\":\"Organization\",\"@id\":\"https:\/\/ofsip.lu\/#organization\",\"name\":\"OFSIP\",\"url\":\"https:\/\/ofsip.lu\/\",\"logo\":{\"@type\":\"ImageObject\",\"inLanguage\":\"en-GB\",\"@id\":\"https:\/\/ofsip.lu\/#\/schema\/logo\/image\/\",\"url\":\"https:\/\/ofsip.lu\/wp-content\/uploads\/2025\/07\/Logo-OFSIP-Color-sans-detail.png\",\"contentUrl\":\"https:\/\/ofsip.lu\/wp-content\/uploads\/2025\/07\/Logo-OFSIP-Color-sans-detail.png\",\"width\":486,\"height\":460,\"caption\":\"OFSIP\"},\"image\":{\"@id\":\"https:\/\/ofsip.lu\/#\/schema\/logo\/image\/\"}}]}<\/script>\n<!-- \/ Yoast SEO plugin. -->","yoast_head_json":{"title":"Formations \u00e0 Distance Sant\u00e9 & S\u00e9curit\u00e9 au Travail | OFSIP","description":"Suivez vos formations Sant\u00e9 & S\u00e9curit\u00e9 au Travail \u00e0 distance avec OFSIP Luxembourg. Des modules interactifs en visioconf\u00e9rence et e-learning certifi\u00e9s.","robots":{"index":"index","follow":"follow","max-snippet":"max-snippet:-1","max-image-preview":"max-image-preview:large","max-video-preview":"max-video-preview:-1"},"canonical":"https:\/\/ofsip.lu\/en\/formation-a-distance\/","og_locale":"en_GB","og_type":"article","og_title":"Formations \u00e0 Distance Sant\u00e9 & S\u00e9curit\u00e9 au Travail | OFSIP","og_description":"Suivez vos formations Sant\u00e9 & S\u00e9curit\u00e9 au Travail \u00e0 distance avec OFSIP Luxembourg. Des modules interactifs en visioconf\u00e9rence et e-learning certifi\u00e9s.","og_url":"https:\/\/ofsip.lu\/en\/formation-a-distance\/","og_site_name":"OFSIP","article_modified_time":"2025-09-04T07:37:53+00:00","og_image":[{"url":"https:\/\/ofsip.lu\/wp-content\/uploads\/2025\/07\/SST_2-1024x540.jpg","type":"","width":"","height":""}],"twitter_card":"summary_large_image","twitter_misc":{"Estimated reading time":"2 minutes"},"schema":{"@context":"https:\/\/schema.org","@graph":[{"@type":"WebPage","@id":"https:\/\/ofsip.lu\/formation-a-distance\/","url":"https:\/\/ofsip.lu\/formation-a-distance\/","name":"Formations \u00e0 Distance Sant\u00e9 & S\u00e9curit\u00e9 au Travail | OFSIP","isPartOf":{"@id":"https:\/\/ofsip.lu\/#website"},"primaryImageOfPage":{"@id":"https:\/\/ofsip.lu\/formation-a-distance\/#primaryimage"},"image":{"@id":"https:\/\/ofsip.lu\/formation-a-distance\/#primaryimage"},"thumbnailUrl":"https:\/\/ofsip.lu\/wp-content\/uploads\/2025\/07\/SST_2-1024x540.jpg","datePublished":"2025-07-14T13:03:21+00:00","dateModified":"2025-09-04T07:37:53+00:00","description":"Suivez vos formations Sant\u00e9 & S\u00e9curit\u00e9 au Travail \u00e0 distance avec OFSIP Luxembourg. Des modules interactifs en visioconf\u00e9rence et e-learning certifi\u00e9s.","breadcrumb":{"@id":"https:\/\/ofsip.lu\/formation-a-distance\/#breadcrumb"},"inLanguage":"en-GB","potentialAction":[{"@type":"ReadAction","target":["https:\/\/ofsip.lu\/formation-a-distance\/"]}]},{"@type":"ImageObject","inLanguage":"en-GB","@id":"https:\/\/ofsip.lu\/formation-a-distance\/#primaryimage","url":"https:\/\/ofsip.lu\/wp-content\/uploads\/2025\/07\/SST_2-1024x540.jpg","contentUrl":"https:\/\/ofsip.lu\/wp-content\/uploads\/2025\/07\/SST_2-1024x540.jpg"},{"@type":"BreadcrumbList","@id":"https:\/\/ofsip.lu\/formation-a-distance\/#breadcrumb","itemListElement":[{"@type":"ListItem","position":1,"name":"Home","item":"https:\/\/ofsip.lu\/"},{"@type":"ListItem","position":2,"name":"Formez-vous \u00e0 distance\u200b"}]},{"@type":"WebSite","@id":"https:\/\/ofsip.lu\/#website","url":"https:\/\/ofsip.lu\/","name":"OFSIP","description":"S\u00e9curiser l&#039;humain, renforcer l&#039;entreprise","publisher":{"@id":"https:\/\/ofsip.lu\/#organization"},"potentialAction":[{"@type":"SearchAction","target":{"@type":"EntryPoint","urlTemplate":"https:\/\/ofsip.lu\/?s={search_term_string}"},"query-input":{"@type":"PropertyValueSpecification","valueRequired":true,"valueName":"search_term_string"}}],"inLanguage":"en-GB"},{"@type":"Organization","@id":"https:\/\/ofsip.lu\/#organization","name":"OFSIP","url":"https:\/\/ofsip.lu\/","logo":{"@type":"ImageObject","inLanguage":"en-GB","@id":"https:\/\/ofsip.lu\/#\/schema\/logo\/image\/","url":"https:\/\/ofsip.lu\/wp-content\/uploads\/2025\/07\/Logo-OFSIP-Color-sans-detail.png","contentUrl":"https:\/\/ofsip.lu\/wp-content\/uploads\/2025\/07\/Logo-OFSIP-Color-sans-detail.png","width":486,"height":460,"caption":"OFSIP"},"image":{"@id":"https:\/\/ofsip.lu\/#\/schema\/logo\/image\/"}}]}},"jetpack_sharing_enabled":true,"_links":{"self":[{"href":"https:\/\/ofsip.lu\/en\/wp-json\/wp\/v2\/pages\/1857","targetHints":{"allow":["GET"]}}],"collection":[{"href":"https:\/\/ofsip.lu\/en\/wp-json\/wp\/v2\/pages"}],"about":[{"href":"https:\/\/ofsip.lu\/en\/wp-json\/wp\/v2\/types\/page"}],"author":[{"embeddable":true,"href":"https:\/\/ofsip.lu\/en\/wp-json\/wp\/v2\/users\/1"}],"replies":[{"embeddable":true,"href":"https:\/\/ofsip.lu\/en\/wp-json\/wp\/v2\/comments?post=1857"}],"version-history":[{"count":12,"href":"https:\/\/ofsip.lu\/en\/wp-json\/wp\/v2\/pages\/1857\/revisions"}],"predecessor-version":[{"id":2640,"href":"https:\/\/ofsip.lu\/en\/wp-json\/wp\/v2\/pages\/1857\/revisions\/2640"}],"wp:attachment":[{"href":"https:\/\/ofsip.lu\/en\/wp-json\/wp\/v2\/media?parent=1857"}],"curies":[{"name":"wp","href":"https:\/\/api.w.org\/{rel}","templated":true}]}}