{"id":2988,"date":"2025-11-22T12:20:49","date_gmt":"2025-11-22T12:20:49","guid":{"rendered":"https:\/\/ofsip.lu\/?page_id=2988"},"modified":"2025-11-22T12:24:02","modified_gmt":"2025-11-22T12:24:02","slug":"accord-de-diffusion","status":"publish","type":"page","link":"https:\/\/ofsip.lu\/en\/accord-de-diffusion\/","title":{"rendered":"Accord de diffusion"},"content":{"rendered":"<div data-elementor-type=\"wp-page\" data-elementor-id=\"2988\" class=\"elementor elementor-2988\" data-elementor-post-type=\"page\">\n\t\t\t\t<div class=\"elementor-element elementor-element-5c28b54 e-flex e-con-boxed e-con e-parent\" data-id=\"5c28b54\" data-element_type=\"container\">\n\t\t\t\t\t<div class=\"e-con-inner\">\n\t\t\t\t<div class=\"elementor-element elementor-element-1d14a6d elementor-widget elementor-widget-text-editor\" data-id=\"1d14a6d\" data-element_type=\"widget\" data-widget_type=\"text-editor.default\">\n\t\t\t\t<div class=\"elementor-widget-container\">\n\t\t\t\t\t\t\t\t\t<p><span style=\"caret-color: #000000; color: #000000; font-size: medium;\">Merci pour votre confiance en 2025. Ce formulaire nous permet d\u2019obtenir votre accord pour utiliser votre logo et, si vous le souhaitez, un t\u00e9moignage afin de valoriser notre collaboration.<\/span><\/p>\t\t\t\t\t\t\t\t<\/div>\n\t\t\t\t<\/div>\n\t\t\t\t\t<\/div>\n\t\t\t\t<\/div>\n\t\t<div class=\"elementor-element elementor-element-8ecfc83 e-flex e-con-boxed e-con e-parent\" data-id=\"8ecfc83\" data-element_type=\"container\">\n\t\t\t\t\t<div class=\"e-con-inner\">\n\t\t\t\t<div class=\"elementor-element elementor-element-6321574 elementor-button-align-stretch elementor-widget elementor-widget-form\" data-id=\"6321574\" data-element_type=\"widget\" data-settings=\"{&quot;step_next_label&quot;:&quot;Next&quot;,&quot;step_previous_label&quot;:&quot;Previous&quot;,&quot;button_width&quot;:&quot;100&quot;,&quot;step_type&quot;:&quot;number_text&quot;,&quot;step_icon_shape&quot;:&quot;circle&quot;}\" data-widget_type=\"form.default\">\n\t\t\t\t<div class=\"elementor-widget-container\">\n\t\t\t\t\t\t\t<form class=\"elementor-form\" method=\"post\" name=\"New Form\" aria-label=\"New Form\" action=\"\">\n\t\t\t<input type=\"hidden\" name=\"post_id\" value=\"2988\"\/>\n\t\t\t<input type=\"hidden\" name=\"form_id\" value=\"6321574\"\/>\n\t\t\t<input type=\"hidden\" name=\"referer_title\" value=\"Accord de diffusion - OFSIP\" \/>\n\n\t\t\t\t\t\t\t<input type=\"hidden\" name=\"queried_id\" value=\"2988\"\/>\n\t\t\t\n\t\t\t<div class=\"elementor-form-fields-wrapper elementor-labels-above\">\n\t\t\t\t\t\t\t\t<div class=\"elementor-field-type-text elementor-field-group elementor-column elementor-field-group-name elementor-col-100\">\n\t\t\t\t\t\t\t\t\t\t\t\t<label for=\"form-field-name\" class=\"elementor-field-label\">\n\t\t\t\t\t\t\t\tNom et Pr\u00e9nom\t\t\t\t\t\t\t<\/label>\n\t\t\t\t\t\t\t\t\t\t\t\t\t\t<input size=\"1\" type=\"text\" name=\"form_fields[name]\" id=\"form-field-name\" class=\"elementor-field elementor-size-sm  elementor-field-textual\" placeholder=\"Nom et Pr\u00e9nom\">\n\t\t\t\t\t\t\t\t\t\t\t<\/div>\n\t\t\t\t\t\t\t\t<div class=\"elementor-field-type-text elementor-field-group elementor-column elementor-field-group-field_1f16de3 elementor-col-100\">\n\t\t\t\t\t\t\t\t\t\t\t\t<label for=\"form-field-field_1f16de3\" class=\"elementor-field-label\">\n\t\t\t\t\t\t\t\tSoci\u00e9t\u00e9\t\t\t\t\t\t\t<\/label>\n\t\t\t\t\t\t\t\t\t\t\t\t\t\t<input size=\"1\" type=\"text\" name=\"form_fields[field_1f16de3]\" id=\"form-field-field_1f16de3\" class=\"elementor-field elementor-size-sm  elementor-field-textual\" placeholder=\"Votre soci\u00e9t\u00e9\">\n\t\t\t\t\t\t\t\t\t\t\t<\/div>\n\t\t\t\t\t\t\t\t<div class=\"elementor-field-type-email elementor-field-group elementor-column elementor-field-group-email elementor-col-100 elementor-field-required elementor-mark-required\">\n\t\t\t\t\t\t\t\t\t\t\t\t<label for=\"form-field-email\" class=\"elementor-field-label\">\n\t\t\t\t\t\t\t\tE-mail\t\t\t\t\t\t\t<\/label>\n\t\t\t\t\t\t\t\t\t\t\t\t\t\t<input size=\"1\" type=\"email\" name=\"form_fields[email]\" id=\"form-field-email\" class=\"elementor-field elementor-size-sm  elementor-field-textual\" placeholder=\"E-mail\" required=\"required\">\n\t\t\t\t\t\t\t\t\t\t\t<\/div>\n\t\t\t\t\t\t\t\t<div class=\"elementor-field-type-textarea elementor-field-group elementor-column elementor-field-group-message elementor-col-100\">\n\t\t\t\t\t\t\t\t\t\t\t\t<label for=\"form-field-message\" class=\"elementor-field-label\">\n\t\t\t\t\t\t\t\tT\u00e9moignage et avis concernant notre collaboration (facultatif)\t\t\t\t\t\t\t<\/label>\n\t\t\t\t\t\t<textarea class=\"elementor-field-textual elementor-field  elementor-size-sm\" name=\"form_fields[message]\" id=\"form-field-message\" rows=\"4\" placeholder=\"Message\"><\/textarea>\t\t\t\t<\/div>\n\t\t\t\t\t\t\t\t<div class=\"elementor-field-type-upload elementor-field-group elementor-column elementor-field-group-field_825923e elementor-col-100\">\n\t\t\t\t\t\t\t\t\t\t\t\t<label for=\"form-field-field_825923e\" class=\"elementor-field-label\">\n\t\t\t\t\t\t\t\tMerci de joindre votre logo (PNG, JPG, SVG ou PDF). Glisser-d\u00e9poser ou cliquer pour t\u00e9l\u00e9charger.\t\t\t\t\t\t\t<\/label>\n\t\t\t\t\t\t\t\t<input type=\"file\" name=\"form_fields[field_825923e]\" id=\"form-field-field_825923e\" class=\"elementor-field elementor-size-sm  elementor-upload-field\" data-maxsize=\"1000\" data-maxsize-message=\"Ce fichier d\u00e9passe la taille maximale autoris\u00e9e.\">\n\n\t\t\t\t\t\t<\/div>\n\t\t\t\t\t\t\t\t<div class=\"elementor-field-type-checkbox elementor-field-group elementor-column elementor-field-group-field_996c77f elementor-col-100\">\n\t\t\t\t\t<div class=\"elementor-field-subgroup\"><span class=\"elementor-field-option\"><input type=\"checkbox\" value=\"En cochant cette case, j\u2019autorise OFSIP \u00e0 utiliser mon logo et, le cas \u00e9ch\u00e9ant, mon t\u00e9moignage tels que fournis dans ce formulaire, pour les publier sur son site internet et sa page LinkedIn. Je peux retirer mon accord \u00e0 tout moment en \u00e9crivant \u00e0 formation@ofsip.lu.\" id=\"form-field-field_996c77f-0\" name=\"form_fields[field_996c77f]\"> <label for=\"form-field-field_996c77f-0\">En cochant cette case, j\u2019autorise OFSIP \u00e0 utiliser mon logo et, le cas \u00e9ch\u00e9ant, mon t\u00e9moignage tels que fournis dans ce formulaire, pour les publier sur son site internet et sa page LinkedIn. Je peux retirer mon accord \u00e0 tout moment en \u00e9crivant \u00e0 formation@ofsip.lu.<\/label><\/span><\/div>\t\t\t\t<\/div>\n\t\t\t\t\t\t\t\t<div class=\"elementor-field-group elementor-column elementor-field-type-submit elementor-col-100 e-form__buttons\">\n\t\t\t\t\t<button class=\"elementor-button elementor-size-sm\" type=\"submit\">\n\t\t\t\t\t\t<span class=\"elementor-button-content-wrapper\">\n\t\t\t\t\t\t\t\t\t\t\t\t\t\t\t\t\t\t\t\t\t\t<span class=\"elementor-button-text\">Submit<\/span>\n\t\t\t\t\t\t\t\t\t\t\t\t\t<\/span>\n\t\t\t\t\t<\/button>\n\t\t\t\t<\/div>\n\t\t\t<\/div>\n\t\t<input type=\"hidden\" name=\"trp-form-language\" value=\"en\"\/><\/form>\n\t\t\t\t\t\t<\/div>\n\t\t\t\t<\/div>\n\t\t\t\t\t<\/div>\n\t\t\t\t<\/div>\n\t\t\t\t<\/div>","protected":false},"excerpt":{"rendered":"<p>Merci pour votre confiance en 2025. Ce formulaire nous permet d\u2019obtenir votre accord pour utiliser votre logo et, si vous le souhaitez, un t\u00e9moignage afin de valoriser notre collaboration.<\/p>","protected":false},"author":1,"featured_media":0,"parent":0,"menu_order":0,"comment_status":"closed","ping_status":"closed","template":"","meta":{"footnotes":""},"class_list":["post-2988","page","type-page","status-publish","hentry"],"yoast_head":"<!-- This site is optimized with the Yoast SEO plugin v25.4 - https:\/\/yoast.com\/wordpress\/plugins\/seo\/ -->\n<title>Accord de diffusion - OFSIP<\/title>\n<meta name=\"robots\" content=\"index, follow, max-snippet:-1, max-image-preview:large, max-video-preview:-1\" \/>\n<link rel=\"canonical\" href=\"https:\/\/ofsip.lu\/en\/accord-de-diffusion\/\" \/>\n<meta property=\"og:locale\" content=\"en_GB\" \/>\n<meta property=\"og:type\" content=\"article\" \/>\n<meta property=\"og:title\" content=\"Accord de diffusion - OFSIP\" \/>\n<meta property=\"og:description\" content=\"Merci pour votre confiance en 2025. Ce formulaire nous permet d\u2019obtenir votre accord pour utiliser votre logo et, si vous le souhaitez, un t\u00e9moignage afin de valoriser notre collaboration.\" \/>\n<meta property=\"og:url\" content=\"https:\/\/ofsip.lu\/en\/accord-de-diffusion\/\" \/>\n<meta property=\"og:site_name\" content=\"OFSIP\" \/>\n<meta property=\"article:modified_time\" content=\"2025-11-22T12:24:02+00:00\" \/>\n<meta name=\"twitter:card\" content=\"summary_large_image\" \/>\n<meta name=\"twitter:label1\" content=\"Estimated reading time\" \/>\n\t<meta name=\"twitter:data1\" content=\"1 minute\" \/>\n<script type=\"application\/ld+json\" class=\"yoast-schema-graph\">{\"@context\":\"https:\/\/schema.org\",\"@graph\":[{\"@type\":\"WebPage\",\"@id\":\"https:\/\/ofsip.lu\/accord-de-diffusion\/\",\"url\":\"https:\/\/ofsip.lu\/accord-de-diffusion\/\",\"name\":\"Accord de diffusion - OFSIP\",\"isPartOf\":{\"@id\":\"https:\/\/ofsip.lu\/#website\"},\"datePublished\":\"2025-11-22T12:20:49+00:00\",\"dateModified\":\"2025-11-22T12:24:02+00:00\",\"breadcrumb\":{\"@id\":\"https:\/\/ofsip.lu\/accord-de-diffusion\/#breadcrumb\"},\"inLanguage\":\"en-GB\",\"potentialAction\":[{\"@type\":\"ReadAction\",\"target\":[\"https:\/\/ofsip.lu\/accord-de-diffusion\/\"]}]},{\"@type\":\"BreadcrumbList\",\"@id\":\"https:\/\/ofsip.lu\/accord-de-diffusion\/#breadcrumb\",\"itemListElement\":[{\"@type\":\"ListItem\",\"position\":1,\"name\":\"Home\",\"item\":\"https:\/\/ofsip.lu\/\"},{\"@type\":\"ListItem\",\"position\":2,\"name\":\"Accord de diffusion\"}]},{\"@type\":\"WebSite\",\"@id\":\"https:\/\/ofsip.lu\/#website\",\"url\":\"https:\/\/ofsip.lu\/\",\"name\":\"OFSIP\",\"description\":\"S\u00e9curiser l&#039;humain, renforcer l&#039;entreprise\",\"publisher\":{\"@id\":\"https:\/\/ofsip.lu\/#organization\"},\"potentialAction\":[{\"@type\":\"SearchAction\",\"target\":{\"@type\":\"EntryPoint\",\"urlTemplate\":\"https:\/\/ofsip.lu\/?s={search_term_string}\"},\"query-input\":{\"@type\":\"PropertyValueSpecification\",\"valueRequired\":true,\"valueName\":\"search_term_string\"}}],\"inLanguage\":\"en-GB\"},{\"@type\":\"Organization\",\"@id\":\"https:\/\/ofsip.lu\/#organization\",\"name\":\"OFSIP\",\"url\":\"https:\/\/ofsip.lu\/\",\"logo\":{\"@type\":\"ImageObject\",\"inLanguage\":\"en-GB\",\"@id\":\"https:\/\/ofsip.lu\/#\/schema\/logo\/image\/\",\"url\":\"https:\/\/ofsip.lu\/wp-content\/uploads\/2025\/07\/Logo-OFSIP-Color-sans-detail.png\",\"contentUrl\":\"https:\/\/ofsip.lu\/wp-content\/uploads\/2025\/07\/Logo-OFSIP-Color-sans-detail.png\",\"width\":486,\"height\":460,\"caption\":\"OFSIP\"},\"image\":{\"@id\":\"https:\/\/ofsip.lu\/#\/schema\/logo\/image\/\"}}]}<\/script>\n<!-- \/ Yoast SEO plugin. -->","yoast_head_json":{"title":"Accord de diffusion - OFSIP","robots":{"index":"index","follow":"follow","max-snippet":"max-snippet:-1","max-image-preview":"max-image-preview:large","max-video-preview":"max-video-preview:-1"},"canonical":"https:\/\/ofsip.lu\/en\/accord-de-diffusion\/","og_locale":"en_GB","og_type":"article","og_title":"Accord de diffusion - OFSIP","og_description":"Merci pour votre confiance en 2025. Ce formulaire nous permet d\u2019obtenir votre accord pour utiliser votre logo et, si vous le souhaitez, un t\u00e9moignage afin de valoriser notre collaboration.","og_url":"https:\/\/ofsip.lu\/en\/accord-de-diffusion\/","og_site_name":"OFSIP","article_modified_time":"2025-11-22T12:24:02+00:00","twitter_card":"summary_large_image","twitter_misc":{"Estimated reading time":"1 minute"},"schema":{"@context":"https:\/\/schema.org","@graph":[{"@type":"WebPage","@id":"https:\/\/ofsip.lu\/accord-de-diffusion\/","url":"https:\/\/ofsip.lu\/accord-de-diffusion\/","name":"Accord de diffusion - OFSIP","isPartOf":{"@id":"https:\/\/ofsip.lu\/#website"},"datePublished":"2025-11-22T12:20:49+00:00","dateModified":"2025-11-22T12:24:02+00:00","breadcrumb":{"@id":"https:\/\/ofsip.lu\/accord-de-diffusion\/#breadcrumb"},"inLanguage":"en-GB","potentialAction":[{"@type":"ReadAction","target":["https:\/\/ofsip.lu\/accord-de-diffusion\/"]}]},{"@type":"BreadcrumbList","@id":"https:\/\/ofsip.lu\/accord-de-diffusion\/#breadcrumb","itemListElement":[{"@type":"ListItem","position":1,"name":"Home","item":"https:\/\/ofsip.lu\/"},{"@type":"ListItem","position":2,"name":"Accord de diffusion"}]},{"@type":"WebSite","@id":"https:\/\/ofsip.lu\/#website","url":"https:\/\/ofsip.lu\/","name":"OFSIP","description":"S\u00e9curiser l&#039;humain, renforcer l&#039;entreprise","publisher":{"@id":"https:\/\/ofsip.lu\/#organization"},"potentialAction":[{"@type":"SearchAction","target":{"@type":"EntryPoint","urlTemplate":"https:\/\/ofsip.lu\/?s={search_term_string}"},"query-input":{"@type":"PropertyValueSpecification","valueRequired":true,"valueName":"search_term_string"}}],"inLanguage":"en-GB"},{"@type":"Organization","@id":"https:\/\/ofsip.lu\/#organization","name":"OFSIP","url":"https:\/\/ofsip.lu\/","logo":{"@type":"ImageObject","inLanguage":"en-GB","@id":"https:\/\/ofsip.lu\/#\/schema\/logo\/image\/","url":"https:\/\/ofsip.lu\/wp-content\/uploads\/2025\/07\/Logo-OFSIP-Color-sans-detail.png","contentUrl":"https:\/\/ofsip.lu\/wp-content\/uploads\/2025\/07\/Logo-OFSIP-Color-sans-detail.png","width":486,"height":460,"caption":"OFSIP"},"image":{"@id":"https:\/\/ofsip.lu\/#\/schema\/logo\/image\/"}}]}},"jetpack_sharing_enabled":true,"_links":{"self":[{"href":"https:\/\/ofsip.lu\/en\/wp-json\/wp\/v2\/pages\/2988","targetHints":{"allow":["GET"]}}],"collection":[{"href":"https:\/\/ofsip.lu\/en\/wp-json\/wp\/v2\/pages"}],"about":[{"href":"https:\/\/ofsip.lu\/en\/wp-json\/wp\/v2\/types\/page"}],"author":[{"embeddable":true,"href":"https:\/\/ofsip.lu\/en\/wp-json\/wp\/v2\/users\/1"}],"replies":[{"embeddable":true,"href":"https:\/\/ofsip.lu\/en\/wp-json\/wp\/v2\/comments?post=2988"}],"version-history":[{"count":10,"href":"https:\/\/ofsip.lu\/en\/wp-json\/wp\/v2\/pages\/2988\/revisions"}],"predecessor-version":[{"id":2998,"href":"https:\/\/ofsip.lu\/en\/wp-json\/wp\/v2\/pages\/2988\/revisions\/2998"}],"wp:attachment":[{"href":"https:\/\/ofsip.lu\/en\/wp-json\/wp\/v2\/media?parent=2988"}],"curies":[{"name":"wp","href":"https:\/\/api.w.org\/{rel}","templated":true}]}}