{"id":3066,"date":"2025-12-19T18:14:02","date_gmt":"2025-12-19T18:14:02","guid":{"rendered":"https:\/\/ofsip.lu\/?page_id=3066"},"modified":"2026-02-19T11:32:53","modified_gmt":"2026-02-19T11:32:53","slug":"recevoir-mon-catalogue","status":"publish","type":"page","link":"https:\/\/ofsip.lu\/en\/recevoir-mon-catalogue\/","title":{"rendered":"Recevoir mon catalogue"},"content":{"rendered":"<div data-elementor-type=\"wp-page\" data-elementor-id=\"3066\" class=\"elementor elementor-3066\" data-elementor-post-type=\"page\">\n\t\t\t\t<div class=\"elementor-element elementor-element-c6bbd2f e-flex e-con-boxed e-con e-parent\" data-id=\"c6bbd2f\" data-element_type=\"container\">\n\t\t\t\t\t<div class=\"e-con-inner\">\n\t\t\t\t<div class=\"elementor-element elementor-element-49a7604 elementor-widget elementor-widget-image\" data-id=\"49a7604\" data-element_type=\"widget\" data-widget_type=\"image.default\">\n\t\t\t\t<div class=\"elementor-widget-container\">\n\t\t\t\t\t\t\t\t\t\t\t\t\t\t\t<img fetchpriority=\"high\" decoding=\"async\" width=\"212\" height=\"300\" src=\"https:\/\/ofsip.lu\/wp-content\/uploads\/2026\/02\/Capture-decran-2026-02-19-a-12.32.06-212x300.png\" class=\"attachment-medium size-medium wp-image-3226\" alt=\"\" srcset=\"https:\/\/ofsip.lu\/wp-content\/uploads\/2026\/02\/Capture-decran-2026-02-19-a-12.32.06-212x300.png 212w, https:\/\/ofsip.lu\/wp-content\/uploads\/2026\/02\/Capture-decran-2026-02-19-a-12.32.06-8x12.png 8w, https:\/\/ofsip.lu\/wp-content\/uploads\/2026\/02\/Capture-decran-2026-02-19-a-12.32.06.png 627w\" sizes=\"(max-width: 212px) 100vw, 212px\" \/>\t\t\t\t\t\t\t\t\t\t\t\t\t\t\t<\/div>\n\t\t\t\t<\/div>\n\t\t\t\t\t<\/div>\n\t\t\t\t<\/div>\n\t\t<div class=\"elementor-element elementor-element-9f9d5e0 e-flex e-con-boxed e-con e-parent\" data-id=\"9f9d5e0\" data-element_type=\"container\">\n\t\t\t\t\t<div class=\"e-con-inner\">\n\t\t<div class=\"elementor-element elementor-element-53fd37a e-con-full e-flex e-con e-child\" data-id=\"53fd37a\" data-element_type=\"container\">\n\t\t\t\t<div class=\"elementor-element elementor-element-89c5625 elementor-widget elementor-widget-text-editor\" data-id=\"89c5625\" data-element_type=\"widget\" data-widget_type=\"text-editor.default\">\n\t\t\t\t<div class=\"elementor-widget-container\">\n\t\t\t\t\t\t\t\t\t<h3><strong>T\u00e9l\u00e9charger ou consulter le catalogue num\u00e9rique&nbsp;<\/strong><\/h3>\t\t\t\t\t\t\t\t<\/div>\n\t\t\t\t<\/div>\n\t\t\t\t<\/div>\n\t\t\t\t\t<\/div>\n\t\t\t\t<\/div>\n\t\t<div class=\"elementor-element elementor-element-876927b e-flex e-con-boxed e-con e-parent\" data-id=\"876927b\" data-element_type=\"container\">\n\t\t\t\t\t<div class=\"e-con-inner\">\n\t\t\t\t<div class=\"elementor-element elementor-element-3eefa81 elementor-align-center elementor-widget elementor-widget-button\" data-id=\"3eefa81\" data-element_type=\"widget\" data-widget_type=\"button.default\">\n\t\t\t\t<div class=\"elementor-widget-container\">\n\t\t\t\t\t\t\t\t\t<div class=\"elementor-button-wrapper\">\n\t\t\t\t\t<a class=\"elementor-button elementor-button-link elementor-size-sm\" href=\"https:\/\/ofsip.lu\/wp-content\/uploads\/2026\/02\/Catalogue-OK.pdf\">\n\t\t\t\t\t\t<span class=\"elementor-button-content-wrapper\">\n\t\t\t\t\t\t\t\t\t<span class=\"elementor-button-text\">Click here<\/span>\n\t\t\t\t\t<\/span>\n\t\t\t\t\t<\/a>\n\t\t\t\t<\/div>\n\t\t\t\t\t\t\t\t<\/div>\n\t\t\t\t<\/div>\n\t\t\t\t\t<\/div>\n\t\t\t\t<\/div>\n\t\t<div class=\"elementor-element elementor-element-fb71cb1 e-flex e-con-boxed e-con e-parent\" data-id=\"fb71cb1\" data-element_type=\"container\">\n\t\t\t\t\t<div class=\"e-con-inner\">\n\t\t<div class=\"elementor-element elementor-element-28be8d1 e-con-full e-flex e-con e-child\" data-id=\"28be8d1\" data-element_type=\"container\">\n\t\t\t\t<div class=\"elementor-element elementor-element-58b3889 elementor-widget elementor-widget-text-editor\" data-id=\"58b3889\" data-element_type=\"widget\" data-widget_type=\"text-editor.default\">\n\t\t\t\t<div class=\"elementor-widget-container\">\n\t\t\t\t\t\t\t\t\t<h3><strong>Recevoir mon catalogue par voie postale<\/strong><\/h3>\t\t\t\t\t\t\t\t<\/div>\n\t\t\t\t<\/div>\n\t\t\t\t<\/div>\n\t\t\t\t\t<\/div>\n\t\t\t\t<\/div>\n\t\t<div class=\"elementor-element elementor-element-4d393f1 e-flex e-con-boxed e-con e-parent\" data-id=\"4d393f1\" data-element_type=\"container\">\n\t\t\t\t\t<div class=\"e-con-inner\">\n\t\t\t\t<div class=\"elementor-element elementor-element-feeaa13 elementor-button-align-stretch elementor-widget elementor-widget-form\" data-id=\"feeaa13\" data-element_type=\"widget\" data-settings=\"{&quot;step_next_label&quot;:&quot;Next&quot;,&quot;step_previous_label&quot;:&quot;Previous&quot;,&quot;button_width&quot;:&quot;100&quot;,&quot;step_type&quot;:&quot;number_text&quot;,&quot;step_icon_shape&quot;:&quot;circle&quot;}\" data-widget_type=\"form.default\">\n\t\t\t\t<div class=\"elementor-widget-container\">\n\t\t\t\t\t\t\t<form class=\"elementor-form\" method=\"post\" name=\"New Form\" aria-label=\"New Form\" action=\"\">\n\t\t\t<input type=\"hidden\" name=\"post_id\" value=\"3066\"\/>\n\t\t\t<input type=\"hidden\" name=\"form_id\" value=\"feeaa13\"\/>\n\t\t\t<input type=\"hidden\" name=\"referer_title\" value=\"Recevoir mon catalogue - OFSIP\" \/>\n\n\t\t\t\t\t\t\t<input type=\"hidden\" name=\"queried_id\" value=\"3066\"\/>\n\t\t\t\n\t\t\t<div class=\"elementor-form-fields-wrapper elementor-labels-above\">\n\t\t\t\t\t\t\t\t<div class=\"elementor-field-type-text elementor-field-group elementor-column elementor-field-group-name elementor-col-100\">\n\t\t\t\t\t\t\t\t\t\t\t\t<label for=\"form-field-name\" class=\"elementor-field-label\">\n\t\t\t\t\t\t\t\tName\t\t\t\t\t\t\t<\/label>\n\t\t\t\t\t\t\t\t\t\t\t\t\t\t<input size=\"1\" type=\"text\" name=\"form_fields[name]\" id=\"form-field-name\" class=\"elementor-field elementor-size-sm  elementor-field-textual\" placeholder=\"Name\">\n\t\t\t\t\t\t\t\t\t\t\t<\/div>\n\t\t\t\t\t\t\t\t<div class=\"elementor-field-type-text elementor-field-group elementor-column elementor-field-group-email elementor-col-100 elementor-field-required\">\n\t\t\t\t\t\t\t\t\t\t\t\t<label for=\"form-field-email\" class=\"elementor-field-label\">\n\t\t\t\t\t\t\t\tPr\u00e9nom\t\t\t\t\t\t\t<\/label>\n\t\t\t\t\t\t\t\t\t\t\t\t\t\t<input size=\"1\" type=\"text\" name=\"form_fields[email]\" id=\"form-field-email\" class=\"elementor-field elementor-size-sm  elementor-field-textual\" placeholder=\"Pr\u00e9nom\" required=\"required\">\n\t\t\t\t\t\t\t\t\t\t\t<\/div>\n\t\t\t\t\t\t\t\t<div class=\"elementor-field-type-email elementor-field-group elementor-column elementor-field-group-field_3dacd7a elementor-col-100 elementor-field-required\">\n\t\t\t\t\t\t\t\t\t\t\t\t<label for=\"form-field-field_3dacd7a\" class=\"elementor-field-label\">\n\t\t\t\t\t\t\t\tE-mail\t\t\t\t\t\t\t<\/label>\n\t\t\t\t\t\t\t\t\t\t\t\t\t\t<input size=\"1\" type=\"email\" name=\"form_fields[field_3dacd7a]\" id=\"form-field-field_3dacd7a\" class=\"elementor-field elementor-size-sm  elementor-field-textual\" placeholder=\"E-mail\" required=\"required\">\n\t\t\t\t\t\t\t\t\t\t\t<\/div>\n\t\t\t\t\t\t\t\t<div class=\"elementor-field-type-text elementor-field-group elementor-column elementor-field-group-field_7b65b76 elementor-col-100\">\n\t\t\t\t\t\t\t\t\t\t\t\t<label for=\"form-field-field_7b65b76\" class=\"elementor-field-label\">\n\t\t\t\t\t\t\t\tSoci\u00e9t\u00e9\t\t\t\t\t\t\t<\/label>\n\t\t\t\t\t\t\t\t\t\t\t\t\t\t<input size=\"1\" type=\"text\" name=\"form_fields[field_7b65b76]\" id=\"form-field-field_7b65b76\" class=\"elementor-field elementor-size-sm  elementor-field-textual\" placeholder=\"Soci\u00e9t\u00e9\">\n\t\t\t\t\t\t\t\t\t\t\t<\/div>\n\t\t\t\t\t\t\t\t<div class=\"elementor-field-type-text elementor-field-group elementor-column elementor-field-group-field_98473ab elementor-col-100\">\n\t\t\t\t\t\t\t\t\t\t\t\t<label for=\"form-field-field_98473ab\" class=\"elementor-field-label\">\n\t\t\t\t\t\t\t\tAdresse\t\t\t\t\t\t\t<\/label>\n\t\t\t\t\t\t\t\t\t\t\t\t\t\t<input size=\"1\" type=\"text\" name=\"form_fields[field_98473ab]\" id=\"form-field-field_98473ab\" class=\"elementor-field elementor-size-sm  elementor-field-textual\" placeholder=\"Adresse\">\n\t\t\t\t\t\t\t\t\t\t\t<\/div>\n\t\t\t\t\t\t\t\t<div class=\"elementor-field-type-text elementor-field-group elementor-column elementor-field-group-field_3a96dbf elementor-col-100\">\n\t\t\t\t\t\t\t\t\t\t\t\t<label for=\"form-field-field_3a96dbf\" class=\"elementor-field-label\">\n\t\t\t\t\t\t\t\tCode postale\t\t\t\t\t\t\t<\/label>\n\t\t\t\t\t\t\t\t\t\t\t\t\t\t<input size=\"1\" type=\"text\" name=\"form_fields[field_3a96dbf]\" id=\"form-field-field_3a96dbf\" class=\"elementor-field elementor-size-sm  elementor-field-textual\" placeholder=\"Code postale\">\n\t\t\t\t\t\t\t\t\t\t\t<\/div>\n\t\t\t\t\t\t\t\t<div class=\"elementor-field-type-text elementor-field-group elementor-column elementor-field-group-field_1941fad elementor-col-100\">\n\t\t\t\t\t\t\t\t\t\t\t\t<label for=\"form-field-field_1941fad\" class=\"elementor-field-label\">\n\t\t\t\t\t\t\t\tVille\t\t\t\t\t\t\t<\/label>\n\t\t\t\t\t\t\t\t\t\t\t\t\t\t<input size=\"1\" type=\"text\" name=\"form_fields[field_1941fad]\" id=\"form-field-field_1941fad\" class=\"elementor-field elementor-size-sm  elementor-field-textual\" placeholder=\"Ville\">\n\t\t\t\t\t\t\t\t\t\t\t<\/div>\n\t\t\t\t\t\t\t\t<div class=\"elementor-field-type-text elementor-field-group elementor-column elementor-field-group-field_0d9d3dc elementor-col-100\">\n\t\t\t\t\t\t\t\t\t\t\t\t<label for=\"form-field-field_0d9d3dc\" class=\"elementor-field-label\">\n\t\t\t\t\t\t\t\tPays\t\t\t\t\t\t\t<\/label>\n\t\t\t\t\t\t\t\t\t\t\t\t\t\t<input size=\"1\" type=\"text\" name=\"form_fields[field_0d9d3dc]\" id=\"form-field-field_0d9d3dc\" class=\"elementor-field elementor-size-sm  elementor-field-textual\" placeholder=\"Pays\">\n\t\t\t\t\t\t\t\t\t\t\t<\/div>\n\t\t\t\t\t\t\t\t<div class=\"elementor-field-group elementor-column elementor-field-type-submit elementor-col-100 e-form__buttons\">\n\t\t\t\t\t<button class=\"elementor-button elementor-size-sm\" type=\"submit\">\n\t\t\t\t\t\t<span class=\"elementor-button-content-wrapper\">\n\t\t\t\t\t\t\t\t\t\t\t\t\t\t\t\t\t\t\t\t\t\t<span class=\"elementor-button-text\">Submit<\/span>\n\t\t\t\t\t\t\t\t\t\t\t\t\t<\/span>\n\t\t\t\t\t<\/button>\n\t\t\t\t<\/div>\n\t\t\t<\/div>\n\t\t<input type=\"hidden\" name=\"trp-form-language\" value=\"en\"\/><\/form>\n\t\t\t\t\t\t<\/div>\n\t\t\t\t<\/div>\n\t\t\t\t\t<\/div>\n\t\t\t\t<\/div>\n\t\t\t\t<\/div>","protected":false},"excerpt":{"rendered":"<p>T\u00e9l\u00e9charger ou consulter le catalogue num\u00e9rique&nbsp; Cliquez ici Recevoir mon catalogue par voie postale<\/p>","protected":false},"author":1,"featured_media":0,"parent":0,"menu_order":0,"comment_status":"closed","ping_status":"closed","template":"","meta":{"footnotes":""},"class_list":["post-3066","page","type-page","status-publish","hentry"],"yoast_head":"<!-- This site is optimized with the Yoast SEO plugin v25.4 - https:\/\/yoast.com\/wordpress\/plugins\/seo\/ -->\n<title>Recevoir mon catalogue - OFSIP<\/title>\n<meta name=\"robots\" content=\"index, follow, max-snippet:-1, max-image-preview:large, max-video-preview:-1\" \/>\n<link rel=\"canonical\" href=\"https:\/\/ofsip.lu\/en\/recevoir-mon-catalogue\/\" \/>\n<meta property=\"og:locale\" content=\"en_GB\" \/>\n<meta property=\"og:type\" content=\"article\" \/>\n<meta property=\"og:title\" content=\"Recevoir mon catalogue - OFSIP\" \/>\n<meta property=\"og:description\" content=\"T\u00e9l\u00e9charger ou consulter le catalogue num\u00e9rique&nbsp; Cliquez ici Recevoir mon catalogue par voie postale\" \/>\n<meta property=\"og:url\" content=\"https:\/\/ofsip.lu\/en\/recevoir-mon-catalogue\/\" \/>\n<meta property=\"og:site_name\" content=\"OFSIP\" \/>\n<meta property=\"article:modified_time\" content=\"2026-02-19T11:32:53+00:00\" \/>\n<meta property=\"og:image\" content=\"https:\/\/ofsip.lu\/wp-content\/uploads\/2026\/02\/Capture-decran-2026-02-19-a-12.32.06-212x300.png\" \/>\n<meta name=\"twitter:card\" content=\"summary_large_image\" \/>\n<meta name=\"twitter:label1\" content=\"Estimated reading time\" \/>\n\t<meta name=\"twitter:data1\" content=\"1 minute\" \/>\n<script type=\"application\/ld+json\" class=\"yoast-schema-graph\">{\"@context\":\"https:\/\/schema.org\",\"@graph\":[{\"@type\":\"WebPage\",\"@id\":\"https:\/\/ofsip.lu\/recevoir-mon-catalogue\/\",\"url\":\"https:\/\/ofsip.lu\/recevoir-mon-catalogue\/\",\"name\":\"Recevoir mon catalogue - OFSIP\",\"isPartOf\":{\"@id\":\"https:\/\/ofsip.lu\/#website\"},\"primaryImageOfPage\":{\"@id\":\"https:\/\/ofsip.lu\/recevoir-mon-catalogue\/#primaryimage\"},\"image\":{\"@id\":\"https:\/\/ofsip.lu\/recevoir-mon-catalogue\/#primaryimage\"},\"thumbnailUrl\":\"https:\/\/ofsip.lu\/wp-content\/uploads\/2026\/02\/Capture-decran-2026-02-19-a-12.32.06-212x300.png\",\"datePublished\":\"2025-12-19T18:14:02+00:00\",\"dateModified\":\"2026-02-19T11:32:53+00:00\",\"breadcrumb\":{\"@id\":\"https:\/\/ofsip.lu\/recevoir-mon-catalogue\/#breadcrumb\"},\"inLanguage\":\"en-GB\",\"potentialAction\":[{\"@type\":\"ReadAction\",\"target\":[\"https:\/\/ofsip.lu\/recevoir-mon-catalogue\/\"]}]},{\"@type\":\"ImageObject\",\"inLanguage\":\"en-GB\",\"@id\":\"https:\/\/ofsip.lu\/recevoir-mon-catalogue\/#primaryimage\",\"url\":\"https:\/\/ofsip.lu\/wp-content\/uploads\/2026\/02\/Capture-decran-2026-02-19-a-12.32.06-212x300.png\",\"contentUrl\":\"https:\/\/ofsip.lu\/wp-content\/uploads\/2026\/02\/Capture-decran-2026-02-19-a-12.32.06-212x300.png\"},{\"@type\":\"BreadcrumbList\",\"@id\":\"https:\/\/ofsip.lu\/recevoir-mon-catalogue\/#breadcrumb\",\"itemListElement\":[{\"@type\":\"ListItem\",\"position\":1,\"name\":\"Home\",\"item\":\"https:\/\/ofsip.lu\/\"},{\"@type\":\"ListItem\",\"position\":2,\"name\":\"Recevoir mon catalogue\"}]},{\"@type\":\"WebSite\",\"@id\":\"https:\/\/ofsip.lu\/#website\",\"url\":\"https:\/\/ofsip.lu\/\",\"name\":\"OFSIP\",\"description\":\"S\u00e9curiser l&#039;humain, renforcer l&#039;entreprise\",\"publisher\":{\"@id\":\"https:\/\/ofsip.lu\/#organization\"},\"potentialAction\":[{\"@type\":\"SearchAction\",\"target\":{\"@type\":\"EntryPoint\",\"urlTemplate\":\"https:\/\/ofsip.lu\/?s={search_term_string}\"},\"query-input\":{\"@type\":\"PropertyValueSpecification\",\"valueRequired\":true,\"valueName\":\"search_term_string\"}}],\"inLanguage\":\"en-GB\"},{\"@type\":\"Organization\",\"@id\":\"https:\/\/ofsip.lu\/#organization\",\"name\":\"OFSIP\",\"url\":\"https:\/\/ofsip.lu\/\",\"logo\":{\"@type\":\"ImageObject\",\"inLanguage\":\"en-GB\",\"@id\":\"https:\/\/ofsip.lu\/#\/schema\/logo\/image\/\",\"url\":\"https:\/\/ofsip.lu\/wp-content\/uploads\/2025\/07\/Logo-OFSIP-Color-sans-detail.png\",\"contentUrl\":\"https:\/\/ofsip.lu\/wp-content\/uploads\/2025\/07\/Logo-OFSIP-Color-sans-detail.png\",\"width\":486,\"height\":460,\"caption\":\"OFSIP\"},\"image\":{\"@id\":\"https:\/\/ofsip.lu\/#\/schema\/logo\/image\/\"}}]}<\/script>\n<!-- \/ Yoast SEO plugin. -->","yoast_head_json":{"title":"Recevoir mon catalogue - OFSIP","robots":{"index":"index","follow":"follow","max-snippet":"max-snippet:-1","max-image-preview":"max-image-preview:large","max-video-preview":"max-video-preview:-1"},"canonical":"https:\/\/ofsip.lu\/en\/recevoir-mon-catalogue\/","og_locale":"en_GB","og_type":"article","og_title":"Recevoir mon catalogue - OFSIP","og_description":"T\u00e9l\u00e9charger ou consulter le catalogue num\u00e9rique&nbsp; Cliquez ici Recevoir mon catalogue par voie postale","og_url":"https:\/\/ofsip.lu\/en\/recevoir-mon-catalogue\/","og_site_name":"OFSIP","article_modified_time":"2026-02-19T11:32:53+00:00","og_image":[{"url":"https:\/\/ofsip.lu\/wp-content\/uploads\/2026\/02\/Capture-decran-2026-02-19-a-12.32.06-212x300.png","type":"","width":"","height":""}],"twitter_card":"summary_large_image","twitter_misc":{"Estimated reading time":"1 minute"},"schema":{"@context":"https:\/\/schema.org","@graph":[{"@type":"WebPage","@id":"https:\/\/ofsip.lu\/recevoir-mon-catalogue\/","url":"https:\/\/ofsip.lu\/recevoir-mon-catalogue\/","name":"Recevoir mon catalogue - OFSIP","isPartOf":{"@id":"https:\/\/ofsip.lu\/#website"},"primaryImageOfPage":{"@id":"https:\/\/ofsip.lu\/recevoir-mon-catalogue\/#primaryimage"},"image":{"@id":"https:\/\/ofsip.lu\/recevoir-mon-catalogue\/#primaryimage"},"thumbnailUrl":"https:\/\/ofsip.lu\/wp-content\/uploads\/2026\/02\/Capture-decran-2026-02-19-a-12.32.06-212x300.png","datePublished":"2025-12-19T18:14:02+00:00","dateModified":"2026-02-19T11:32:53+00:00","breadcrumb":{"@id":"https:\/\/ofsip.lu\/recevoir-mon-catalogue\/#breadcrumb"},"inLanguage":"en-GB","potentialAction":[{"@type":"ReadAction","target":["https:\/\/ofsip.lu\/recevoir-mon-catalogue\/"]}]},{"@type":"ImageObject","inLanguage":"en-GB","@id":"https:\/\/ofsip.lu\/recevoir-mon-catalogue\/#primaryimage","url":"https:\/\/ofsip.lu\/wp-content\/uploads\/2026\/02\/Capture-decran-2026-02-19-a-12.32.06-212x300.png","contentUrl":"https:\/\/ofsip.lu\/wp-content\/uploads\/2026\/02\/Capture-decran-2026-02-19-a-12.32.06-212x300.png"},{"@type":"BreadcrumbList","@id":"https:\/\/ofsip.lu\/recevoir-mon-catalogue\/#breadcrumb","itemListElement":[{"@type":"ListItem","position":1,"name":"Home","item":"https:\/\/ofsip.lu\/"},{"@type":"ListItem","position":2,"name":"Recevoir mon catalogue"}]},{"@type":"WebSite","@id":"https:\/\/ofsip.lu\/#website","url":"https:\/\/ofsip.lu\/","name":"OFSIP","description":"S\u00e9curiser l&#039;humain, renforcer l&#039;entreprise","publisher":{"@id":"https:\/\/ofsip.lu\/#organization"},"potentialAction":[{"@type":"SearchAction","target":{"@type":"EntryPoint","urlTemplate":"https:\/\/ofsip.lu\/?s={search_term_string}"},"query-input":{"@type":"PropertyValueSpecification","valueRequired":true,"valueName":"search_term_string"}}],"inLanguage":"en-GB"},{"@type":"Organization","@id":"https:\/\/ofsip.lu\/#organization","name":"OFSIP","url":"https:\/\/ofsip.lu\/","logo":{"@type":"ImageObject","inLanguage":"en-GB","@id":"https:\/\/ofsip.lu\/#\/schema\/logo\/image\/","url":"https:\/\/ofsip.lu\/wp-content\/uploads\/2025\/07\/Logo-OFSIP-Color-sans-detail.png","contentUrl":"https:\/\/ofsip.lu\/wp-content\/uploads\/2025\/07\/Logo-OFSIP-Color-sans-detail.png","width":486,"height":460,"caption":"OFSIP"},"image":{"@id":"https:\/\/ofsip.lu\/#\/schema\/logo\/image\/"}}]}},"jetpack_sharing_enabled":true,"_links":{"self":[{"href":"https:\/\/ofsip.lu\/en\/wp-json\/wp\/v2\/pages\/3066","targetHints":{"allow":["GET"]}}],"collection":[{"href":"https:\/\/ofsip.lu\/en\/wp-json\/wp\/v2\/pages"}],"about":[{"href":"https:\/\/ofsip.lu\/en\/wp-json\/wp\/v2\/types\/page"}],"author":[{"embeddable":true,"href":"https:\/\/ofsip.lu\/en\/wp-json\/wp\/v2\/users\/1"}],"replies":[{"embeddable":true,"href":"https:\/\/ofsip.lu\/en\/wp-json\/wp\/v2\/comments?post=3066"}],"version-history":[{"count":7,"href":"https:\/\/ofsip.lu\/en\/wp-json\/wp\/v2\/pages\/3066\/revisions"}],"predecessor-version":[{"id":3229,"href":"https:\/\/ofsip.lu\/en\/wp-json\/wp\/v2\/pages\/3066\/revisions\/3229"}],"wp:attachment":[{"href":"https:\/\/ofsip.lu\/en\/wp-json\/wp\/v2\/media?parent=3066"}],"curies":[{"name":"wp","href":"https:\/\/api.w.org\/{rel}","templated":true}]}}